{"id":2472,"date":"2024-07-17T14:22:28","date_gmt":"2024-07-17T14:22:28","guid":{"rendered":"https:\/\/unoendos.net\/?post_type=product&#038;p=2472"},"modified":"2024-12-15T17:58:13","modified_gmt":"2024-12-15T17:58:13","slug":"los-barbaros-rojos-roy-macgregor-hastie","status":"publish","type":"product","link":"https:\/\/unoendos.net\/?product=los-barbaros-rojos-roy-macgregor-hastie","title":{"rendered":"Los b\u00e1rbaros rojos &#8211; Roy Macgregor-Hastie"},"content":{"rendered":"<p>Este libro es una biograf\u00eda amplia de Mao Tse-tung, padre fundador de la Rep\u00fablica Popular China. Abarca desde los primeros a\u00f1os de Mao, tambi\u00e9n su educaci\u00f3n y el contexto pol\u00edtico e hist\u00f3rico de China, incluyendo el ascenso como figura principal del pa\u00eds. Se analiza la ideolog\u00eda de Mao y sus relaciones con otros personajes relevantes. Adem\u00e1s se detalla parte de la historia de la Rep\u00fablica Popular China.<\/p>\n","protected":false},"excerpt":{"rendered":"<p>Este libro es una biograf\u00eda amplia de Mao Tse-tun, padre fundador de la Rep\u00fablica Popular China. Abarca desde los primeros a\u00f1os de Mao, tambi\u00e9n su educaci\u00f3n y el contexto pol\u00edtico e hist\u00f3rico de China, incluyendo el ascenso como figura principal del pa\u00eds.<\/p>\n<div id=\"sellbtn_product_widget_container\">\n<div id=\"sell-card-preview\">\n<style type=\"text\/css\">\n               @CHARSET \"UTF-8\";.mbssellwidget-productcard-container,.mbssellwidget-columnpanel-container{display:block;overflow:hidden;background:#fff;border:2px solid #eaedef;padding:30px;max-width:590px;margin:0 auto;box-sizing:content-box;font-family:\"Muli\",Arial,Helvetica,sans-serif;font-size:14px;line-height:1.5em;font-weight:normal;color:#282828;text-align:left}.mbssellwidget-productcard-covercontainer{display:block;overflow:hidden;width:35%;max-width:185px;float:left;overflow:hidden;margin:0 30px 0 0}.mbssellwidget-productcard-covercontainer img{width:100%;margin:0}@media screen and (max-width: 500px){.mbssellwidget-productcard-covercontainer{float:none;width:100%;max-width:none}}.mbssellwidget-productcard-authorcontainer{display:block;overflow:hidden;margin-bottom:20px}.mbssellwidget-productcard-authorcontainer .mbssellwidget-productcard-authorimage{display:block;overflow:hidden;float:left;width:40px;height:40px;border-radius:50%;margin-right:10px}.mbssellwidget-productcard-authorcontainer .mbssellwidget-productcard-authorimage img{width:100%}.mbssellwidget-productcard-authorcontainer .mbssellwidget-productcard-authorname{line-height:40px;overflow:hidden;white-space:nowrap;text-overflow:ellipsis}.mbssellwidget-productcard-bookcontainer{display:block;overflow:hidden}.mbssellwidget-productcard-bookcontainer .mbssellwidget-productcard-booktitle{font-size:1.1em;line-height:1.5em;font-weight:500}.mbssellwidget-productcard-bookcontainer .mbssellwidget-productcard-bookdesc{font-size:.85em;line-height:1.5em;color:#727577}.mbssellwidget-productcard-bookcontainer .mbssellwidget-productcard-bookprice{margin-top:10px;margin-bottom:20px}.mbssellwidget-productcard-bookcontainer .mbssellwidget-productcard-bookprice .mbssellwidget-productcard-bookprice-binding{display:inline;font-size:.8em;text-transform:uppercase;color:#727577}.mbssellwidget-sellbutton{display:inline-block;background:#f26222;color:#fff;border:0px solid #f26222;font-family:\"Muli\",Arial,Helvetica,sans-serif;font-size:14px;font-weight:700;line-height:1.5em;text-decoration:none;text-transform:uppercase;border-radius:5px;padding:8px 20px;cursor:pointer}.mbssellwidget-sellbutton:hover{background:#ed520e;border:0px solid #f26222;border-color:#ed520e;color:#fff;text-decoration:none}.mbssellwidget-columnpanel-container{max-width:240px}@media screen and (max-width: 500px){.mbssellwidget-columnpanel-container{max-width:none}}.mbssellwidget-columnpanel-covercontainer{display:block;overflow:hidden;overflow:hidden;margin:0 0 20px 0;width:100%}.mbssellwidget-columnpanel-covercontainer img{width:100%;max-height:400px;margin:0}\n\/*# sourceMappingURL=widgets.css.map *\/\n            <\/style>\n<div id=\"sell-card383011\">\n<div id=\"sellbtn_buy-button383011\"><a id=\"btn_button383011\" class=\"mbssellwidget-sellbutton\" href=\"https:\/\/publishes.bookmundo.com\/cart\/383011\" style=\"background: #ad1313;\">Compra<\/a><\/div>\n<\/p><\/div>\n<\/p><\/div>\n<\/p><\/div>\n<p><script type='text\/javascript' src='https:\/\/storage.ko-fi.com\/cdn\/widget\/Widget_2.js'><\/script><script type='text\/javascript'>kofiwidget2.init('Dona en Ko-fi', '#000000', 'C0C6AA2ZP');kofiwidget2.draw();<\/script> <\/p>\n","protected":false},"featured_media":2595,"template":"","meta":{"_uag_custom_page_level_css":"","site-sidebar-layout":"default","site-content-layout":"","ast-site-content-layout":"default","site-content-style":"default","site-sidebar-style":"default","ast-global-header-display":"","ast-banner-title-visibility":"","ast-main-header-display":"","ast-hfb-above-header-display":"","ast-hfb-below-header-display":"","ast-hfb-mobile-header-display":"","site-post-title":"","ast-breadcrumbs-content":"","ast-featured-img":"","footer-sml-layout":"","ast-disable-related-posts":"","theme-transparent-header-meta":"default","adv-header-id-meta":"","stick-header-meta":"","header-above-stick-meta":"","header-main-stick-meta":"","header-below-stick-meta":"","astra-migrate-meta-layouts":"set","ast-page-background-enabled":"default","ast-page-background-meta":{"desktop":{"background-color":"","background-image":"","background-repeat":"repeat","background-position":"center center","background-size":"auto","background-attachment":"scroll","background-type":"","background-media":"","overlay-type":"","overlay-color":"","overlay-opacity":"","overlay-gradient":""},"tablet":{"background-color":"","background-image":"","background-repeat":"repeat","background-position":"center center","background-size":"auto","background-attachment":"scroll","background-type":"","background-media":"","overlay-type":"","overlay-color":"","overlay-opacity":"","overlay-gradient":""},"mobile":{"background-color":"","background-image":"","background-repeat":"repeat","background-position":"center center","background-size":"auto","background-attachment":"scroll","background-type":"","background-media":"","overlay-type":"","overlay-color":"","overlay-opacity":"","overlay-gradient":""}},"ast-content-background-meta":{"desktop":{"background-color":"var(--ast-global-color-5)","background-image":"","background-repeat":"repeat","background-position":"center center","background-size":"auto","background-attachment":"scroll","background-type":"","background-media":"","overlay-type":"","overlay-color":"","overlay-opacity":"","overlay-gradient":""},"tablet":{"background-color":"var(--ast-global-color-5)","background-image":"","background-repeat":"repeat","background-position":"center center","background-size":"auto","background-attachment":"scroll","background-type":"","background-media":"","overlay-type":"","overlay-color":"","overlay-opacity":"","overlay-gradient":""},"mobile":{"background-color":"var(--ast-global-color-5)","background-image":"","background-repeat":"repeat","background-position":"center center","background-size":"auto","background-attachment":"scroll","background-type":"","background-media":"","overlay-type":"","overlay-color":"","overlay-opacity":"","overlay-gradient":""}},"_themeisle_gutenberg_block_has_review":false},"product_brand":[],"product_cat":[30,44,139,51],"product_tag":[73,137,123],"class_list":{"0":"post-2472","1":"product","2":"type-product","3":"status-publish","4":"has-post-thumbnail","6":"product_cat-biografias","7":"product_cat-historia","8":"product_cat-mao","9":"product_cat-revolucion-cultural","10":"product_tag-historia","11":"product_tag-mao","12":"product_tag-maoismo","13":"desktop-align-left","14":"tablet-align-left","15":"mobile-align-left","17":"first","18":"instock","19":"shipping-taxable","20":"purchasable","21":"product-type-simple"},"uagb_featured_image_src":{"full":["https:\/\/unoendos.net\/wp-content\/uploads\/2024\/12\/Mockup-Los-barbaros-rojos.jpg",2250,1688,false],"thumbnail":["https:\/\/unoendos.net\/wp-content\/uploads\/2024\/12\/Mockup-Los-barbaros-rojos-150x150.jpg",150,150,true],"medium":["https:\/\/unoendos.net\/wp-content\/uploads\/2024\/12\/Mockup-Los-barbaros-rojos-300x225.jpg",300,225,true],"medium_large":["https:\/\/unoendos.net\/wp-content\/uploads\/2024\/12\/Mockup-Los-barbaros-rojos-768x576.jpg",768,576,true],"large":["https:\/\/unoendos.net\/wp-content\/uploads\/2024\/12\/Mockup-Los-barbaros-rojos-1024x768.jpg",1024,768,true],"1536x1536":["https:\/\/unoendos.net\/wp-content\/uploads\/2024\/12\/Mockup-Los-barbaros-rojos-1536x1152.jpg",1536,1152,true],"2048x2048":["https:\/\/unoendos.net\/wp-content\/uploads\/2024\/12\/Mockup-Los-barbaros-rojos-2048x1536.jpg",2048,1536,true],"woocommerce_thumbnail":["https:\/\/unoendos.net\/wp-content\/uploads\/2024\/12\/Mockup-Los-barbaros-rojos-300x400.jpg",300,400,true],"woocommerce_single":["https:\/\/unoendos.net\/wp-content\/uploads\/2024\/12\/Mockup-Los-barbaros-rojos-600x450.jpg",600,450,true],"woocommerce_gallery_thumbnail":["https:\/\/unoendos.net\/wp-content\/uploads\/2024\/12\/Mockup-Los-barbaros-rojos-100x100.jpg",100,100,true]},"uagb_author_info":{"display_name":"Ediciones Uno en Dos","author_link":"https:\/\/unoendos.net\/?author=0"},"uagb_comment_info":0,"uagb_excerpt":"Este libro es una biograf\u00eda amplia de Mao Tse-tun, padre fundador de la Rep\u00fablica Popular China. Abarca desde los primeros a\u00f1os de Mao, tambi\u00e9n su educaci\u00f3n y el contexto pol\u00edtico e hist\u00f3rico de China, incluyendo el ascenso como figura principal del pa\u00eds. Compra","jetpack_sharing_enabled":true,"_links":{"self":[{"href":"https:\/\/unoendos.net\/index.php?rest_route=\/wp\/v2\/product\/2472","targetHints":{"allow":["GET"]}}],"collection":[{"href":"https:\/\/unoendos.net\/index.php?rest_route=\/wp\/v2\/product"}],"about":[{"href":"https:\/\/unoendos.net\/index.php?rest_route=\/wp\/v2\/types\/product"}],"wp:featuredmedia":[{"embeddable":true,"href":"https:\/\/unoendos.net\/index.php?rest_route=\/wp\/v2\/media\/2595"}],"wp:attachment":[{"href":"https:\/\/unoendos.net\/index.php?rest_route=%2Fwp%2Fv2%2Fmedia&parent=2472"}],"wp:term":[{"taxonomy":"product_brand","embeddable":true,"href":"https:\/\/unoendos.net\/index.php?rest_route=%2Fwp%2Fv2%2Fproduct_brand&post=2472"},{"taxonomy":"product_cat","embeddable":true,"href":"https:\/\/unoendos.net\/index.php?rest_route=%2Fwp%2Fv2%2Fproduct_cat&post=2472"},{"taxonomy":"product_tag","embeddable":true,"href":"https:\/\/unoendos.net\/index.php?rest_route=%2Fwp%2Fv2%2Fproduct_tag&post=2472"}],"curies":[{"name":"wp","href":"https:\/\/api.w.org\/{rel}","templated":true}]}}