{"id":2423,"date":"2024-06-14T10:03:13","date_gmt":"2024-06-14T10:03:13","guid":{"rendered":"https:\/\/unoendos.net\/?post_type=product&#038;p=2423"},"modified":"2024-12-15T17:56:34","modified_gmt":"2024-12-15T17:56:34","slug":"como-estudiaban-e-investigaban-marx-engels-lenin-stalin-y-mao-m-glasser-ismael-ortiz-venet","status":"publish","type":"product","link":"https:\/\/unoendos.net\/?product=como-estudiaban-e-investigaban-marx-engels-lenin-stalin-y-mao-m-glasser-ismael-ortiz-venet","title":{"rendered":"C\u00f3mo estudiaban e investigaban Marx, Engels, Lenin, Stalin y Mao &#8211; M. Glasser &#038; Ismael Ort\u00edz-Venet"},"content":{"rendered":"<p>Ante la cuesti\u00f3n que plantea el \u00abC\u00f3mo estudiaban e investigaban\u00bb, se suscitan dos tipos posibles de respuestas. O se puede responder planteando el m\u00e9todo de investigaci\u00f3n, formalmente estructurado en su versi\u00f3n l\u00f3gica. O se puede formular el conjunto de h\u00e1bitos intelectuales, t\u00e9cnicas de estudios y modo de indagaci\u00f3n, al tiempo que se destaca la dedicaci\u00f3n al estudio, la constancia en la b\u00fasqueda y la pasi\u00f3n por la ciencia y la verdad, como algo impl\u00edcito en una actitud marxista y consecuentemente revolucionaria. Esto \u00faltimo es el prop\u00f3sito que nos hemos propuesto en esta recopilaci\u00f3n.<br \/>\nLos trabajos aqu\u00ed recogidos, destacan de estos hombres \u2014cuyas vidas transcurrieron fundamentalmente entregadas a la lucha revolucionaria activa\u2014 el \u00e1ngulo de te\u00f3ricos y estudiosos que los acompa\u00f1aba. Se trata aqu\u00ed no de contraponer esta imagen de estudiosos a la que justamente le ha dado sentido y reconocimiento hist\u00f3rico a sus vidas: la de ser activos luchadores por el socialismo y contra todo tipo de oscurantismo. Se trata m\u00e1s bien, para que sirvan de est\u00edmulos, de mostrar tambi\u00e9n sus horarios de estudio, el papel que le asignaron a los res\u00famenes y las monograf\u00edas; c\u00f3mo tomaban apuntes, anotaban sus libros o hac\u00edan sus fichas; el perfecto orden en que manten\u00edan la clasificaci\u00f3n de sus conocimientos, su inter\u00e9s por actualizar constantemente la bibliograf\u00eda; su insistencia en conocer los idiomas extranjeros, la asiduidad con que segu\u00edan las publicaciones de diarios y revistas; la inagotable pasi\u00f3n con que se interesaban por las investigaciones emp\u00edricas, el estudio siempre concreto en que basaban sus formulaciones te\u00f3ricas; su clara conciencia de lo que significa la lucha cient\u00edfica y su insistencia en hermanarla con las posiciones ideol\u00f3gicas.<\/p>\n","protected":false},"excerpt":{"rendered":"<p>Ante la cuesti\u00f3n que plantea el \u00abC\u00f3mo estudiaban e investigaban\u00bb, se suscitan dos tipos posibles de respuestas. O se puede responder planteando el m\u00e9todo de investigaci\u00f3n, formalmente estructurado en su versi\u00f3n l\u00f3gica. O se puede formular el conjunto de h\u00e1bitos intelectuales, t\u00e9cnicas de estudios y modo de indagaci\u00f3n, al tiempo que se destaca la dedicaci\u00f3n al estudio, la constancia en la b\u00fasqueda y la pasi\u00f3n por la ciencia y la verdad, como algo impl\u00edcito en una actitud marxista y consecuentemente revolucionaria. Esto \u00faltimo es el prop\u00f3sito que nos hemos propuesto en esta recopilaci\u00f3n.<\/p>\n<div id=\"sellbtn_product_widget_container\">\n<div id=\"sell-card-preview\">\n<style type=\"text\/css\">.mbssellwidget-productcard-container,.mbssellwidget-columnpanel-container{display:block;overflow:hidden;background:#fff;border:2px solid #eaedef;padding:30px;max-width:590px;margin:0 auto;box-sizing:content-box;font-family:\"Muli\",Arial,Helvetica,sans-serif;font-size:14px;line-height:1.5em;font-weight:normal;color:#282828;text-align:left}.mbssellwidget-productcard-covercontainer{display:block;overflow:hidden;width:35%;max-width:185px;float:left;overflow:hidden;margin:0 30px 0 0}.mbssellwidget-productcard-covercontainer img{width:100%;margin:0}@media screen and (max-width:500px){.mbssellwidget-productcard-covercontainer{float:none;width:100%;max-width:none}}.mbssellwidget-productcard-authorcontainer{display:block;overflow:hidden;margin-bottom:20px}.mbssellwidget-productcard-authorcontainer .mbssellwidget-productcard-authorimage{display:block;overflow:hidden;float:left;width:40px;height:40px;border-radius:50%;margin-right:10px}.mbssellwidget-productcard-authorcontainer .mbssellwidget-productcard-authorimage img{width:100%}.mbssellwidget-productcard-authorcontainer .mbssellwidget-productcard-authorname{line-height:40px;overflow:hidden;white-space:nowrap;text-overflow:ellipsis}.mbssellwidget-productcard-bookcontainer{display:block;overflow:hidden}.mbssellwidget-productcard-bookcontainer .mbssellwidget-productcard-booktitle{font-size:1.1em;line-height:1.5em;font-weight:500}.mbssellwidget-productcard-bookcontainer .mbssellwidget-productcard-bookdesc{font-size:.85em;line-height:1.5em;color:#727577}.mbssellwidget-productcard-bookcontainer .mbssellwidget-productcard-bookprice{margin-top:10px;margin-bottom:20px}.mbssellwidget-productcard-bookcontainer .mbssellwidget-productcard-bookprice .mbssellwidget-productcard-bookprice-binding{display:inline;font-size:.8em;text-transform:uppercase;color:#727577}.mbssellwidget-sellbutton{display:inline-block;background:#f26222;color:#fff;border:0 solid #f26222;font-family:\"Muli\",Arial,Helvetica,sans-serif;font-size:14px;font-weight:700;line-height:1.5em;text-decoration:none;text-transform:uppercase;border-radius:5px;padding:8px 20px;cursor:pointer}.mbssellwidget-sellbutton:hover{background:#ed520e;border:0 solid #f26222;border-color:#ed520e;color:#fff;text-decoration:none}.mbssellwidget-columnpanel-container{max-width:240px}@media screen and (max-width:500px){.mbssellwidget-columnpanel-container{max-width:none}}.mbssellwidget-columnpanel-covercontainer{display:block;overflow:hidden;overflow:hidden;margin:0 0 20px 0;width:100%}.mbssellwidget-columnpanel-covercontainer img{width:100%;max-height:400px;margin:0}<\/style>\n<div id=\"sell-card379298\">\n<div id=\"sellbtn_buy-button379298\"><a id=\"btn_button379298\" class=\"mbssellwidget-sellbutton\" href=\"https:\/\/publish.mibestseller.es\/cart\/379298\" style=\"background: #ad1313;\">Compra<\/a><\/div>\n<\/p><\/div>\n<\/p><\/div>\n<\/p><\/div>\n<p><script type='text\/javascript' src='https:\/\/storage.ko-fi.com\/cdn\/widget\/Widget_2.js'><\/script><script type='text\/javascript'>kofiwidget2.init('Dona en Ko-fi', '#000000', 'C0C6AA2ZP');kofiwidget2.draw();<\/script> <\/p>\n","protected":false},"featured_media":2579,"template":"","meta":{"_uag_custom_page_level_css":"","site-sidebar-layout":"default","site-content-layout":"","ast-site-content-layout":"default","site-content-style":"default","site-sidebar-style":"default","ast-global-header-display":"","ast-banner-title-visibility":"","ast-main-header-display":"","ast-hfb-above-header-display":"","ast-hfb-below-header-display":"","ast-hfb-mobile-header-display":"","site-post-title":"","ast-breadcrumbs-content":"","ast-featured-img":"","footer-sml-layout":"","ast-disable-related-posts":"","theme-transparent-header-meta":"default","adv-header-id-meta":"","stick-header-meta":"","header-above-stick-meta":"","header-main-stick-meta":"","header-below-stick-meta":"","astra-migrate-meta-layouts":"set","ast-page-background-enabled":"default","ast-page-background-meta":{"desktop":{"background-color":"","background-image":"","background-repeat":"repeat","background-position":"center center","background-size":"auto","background-attachment":"scroll","background-type":"","background-media":"","overlay-type":"","overlay-color":"","overlay-opacity":"","overlay-gradient":""},"tablet":{"background-color":"","background-image":"","background-repeat":"repeat","background-position":"center center","background-size":"auto","background-attachment":"scroll","background-type":"","background-media":"","overlay-type":"","overlay-color":"","overlay-opacity":"","overlay-gradient":""},"mobile":{"background-color":"","background-image":"","background-repeat":"repeat","background-position":"center center","background-size":"auto","background-attachment":"scroll","background-type":"","background-media":"","overlay-type":"","overlay-color":"","overlay-opacity":"","overlay-gradient":""}},"ast-content-background-meta":{"desktop":{"background-color":"var(--ast-global-color-5)","background-image":"","background-repeat":"repeat","background-position":"center center","background-size":"auto","background-attachment":"scroll","background-type":"","background-media":"","overlay-type":"","overlay-color":"","overlay-opacity":"","overlay-gradient":""},"tablet":{"background-color":"var(--ast-global-color-5)","background-image":"","background-repeat":"repeat","background-position":"center center","background-size":"auto","background-attachment":"scroll","background-type":"","background-media":"","overlay-type":"","overlay-color":"","overlay-opacity":"","overlay-gradient":""},"mobile":{"background-color":"var(--ast-global-color-5)","background-image":"","background-repeat":"repeat","background-position":"center center","background-size":"auto","background-attachment":"scroll","background-type":"","background-media":"","overlay-type":"","overlay-color":"","overlay-opacity":"","overlay-gradient":""}},"_themeisle_gutenberg_block_has_review":false},"product_brand":[],"product_cat":[30],"product_tag":[32,77,137,81,31,133],"class_list":{"0":"post-2423","1":"product","2":"type-product","3":"status-publish","4":"has-post-thumbnail","6":"product_cat-biografias","7":"product_tag-engels","8":"product_tag-lenin","9":"product_tag-mao","10":"product_tag-marx","11":"product_tag-marxismo","12":"product_tag-stalin","13":"desktop-align-left","14":"tablet-align-left","15":"mobile-align-left","17":"first","18":"instock","19":"shipping-taxable","20":"purchasable","21":"product-type-simple"},"uagb_featured_image_src":{"full":["https:\/\/unoendos.net\/wp-content\/uploads\/2024\/12\/Mockup-Como-estudiaban-e-investigaban.jpg",2250,1688,false],"thumbnail":["https:\/\/unoendos.net\/wp-content\/uploads\/2024\/12\/Mockup-Como-estudiaban-e-investigaban-150x150.jpg",150,150,true],"medium":["https:\/\/unoendos.net\/wp-content\/uploads\/2024\/12\/Mockup-Como-estudiaban-e-investigaban-300x225.jpg",300,225,true],"medium_large":["https:\/\/unoendos.net\/wp-content\/uploads\/2024\/12\/Mockup-Como-estudiaban-e-investigaban-768x576.jpg",768,576,true],"large":["https:\/\/unoendos.net\/wp-content\/uploads\/2024\/12\/Mockup-Como-estudiaban-e-investigaban-1024x768.jpg",1024,768,true],"1536x1536":["https:\/\/unoendos.net\/wp-content\/uploads\/2024\/12\/Mockup-Como-estudiaban-e-investigaban-1536x1152.jpg",1536,1152,true],"2048x2048":["https:\/\/unoendos.net\/wp-content\/uploads\/2024\/12\/Mockup-Como-estudiaban-e-investigaban-2048x1536.jpg",2048,1536,true],"woocommerce_thumbnail":["https:\/\/unoendos.net\/wp-content\/uploads\/2024\/12\/Mockup-Como-estudiaban-e-investigaban-300x400.jpg",300,400,true],"woocommerce_single":["https:\/\/unoendos.net\/wp-content\/uploads\/2024\/12\/Mockup-Como-estudiaban-e-investigaban-600x450.jpg",600,450,true],"woocommerce_gallery_thumbnail":["https:\/\/unoendos.net\/wp-content\/uploads\/2024\/12\/Mockup-Como-estudiaban-e-investigaban-100x100.jpg",100,100,true]},"uagb_author_info":{"display_name":"Ediciones Uno en Dos","author_link":"https:\/\/unoendos.net\/?author=0"},"uagb_comment_info":0,"uagb_excerpt":"Ante la cuesti\u00f3n que plantea el \u00abC\u00f3mo estudiaban e investigaban\u00bb, se suscitan dos tipos posibles de respuestas. O se puede responder planteando el m\u00e9todo de investigaci\u00f3n, formalmente estructurado en su versi\u00f3n l\u00f3gica. O se puede formular el conjunto de h\u00e1bitos intelectuales, t\u00e9cnicas de estudios y modo de indagaci\u00f3n, al tiempo que se destaca la dedicaci\u00f3n&hellip;","jetpack_sharing_enabled":true,"_links":{"self":[{"href":"https:\/\/unoendos.net\/index.php?rest_route=\/wp\/v2\/product\/2423","targetHints":{"allow":["GET"]}}],"collection":[{"href":"https:\/\/unoendos.net\/index.php?rest_route=\/wp\/v2\/product"}],"about":[{"href":"https:\/\/unoendos.net\/index.php?rest_route=\/wp\/v2\/types\/product"}],"wp:featuredmedia":[{"embeddable":true,"href":"https:\/\/unoendos.net\/index.php?rest_route=\/wp\/v2\/media\/2579"}],"wp:attachment":[{"href":"https:\/\/unoendos.net\/index.php?rest_route=%2Fwp%2Fv2%2Fmedia&parent=2423"}],"wp:term":[{"taxonomy":"product_brand","embeddable":true,"href":"https:\/\/unoendos.net\/index.php?rest_route=%2Fwp%2Fv2%2Fproduct_brand&post=2423"},{"taxonomy":"product_cat","embeddable":true,"href":"https:\/\/unoendos.net\/index.php?rest_route=%2Fwp%2Fv2%2Fproduct_cat&post=2423"},{"taxonomy":"product_tag","embeddable":true,"href":"https:\/\/unoendos.net\/index.php?rest_route=%2Fwp%2Fv2%2Fproduct_tag&post=2423"}],"curies":[{"name":"wp","href":"https:\/\/api.w.org\/{rel}","templated":true}]}}