{"id":2242,"date":"2023-09-14T10:43:57","date_gmt":"2023-09-14T10:43:57","guid":{"rendered":"https:\/\/unoendos.net\/?post_type=product&#038;p=2242"},"modified":"2025-10-28T10:20:44","modified_gmt":"2025-10-28T10:20:44","slug":"escritos-economicos-ernesto-che-guevara","status":"publish","type":"product","link":"https:\/\/unoendos.net\/?product=escritos-economicos-ernesto-che-guevara","title":{"rendered":"Escritos Econ\u00f3micos &#8211; Ernesto Che Guevara"},"content":{"rendered":"<p>La presente selecci\u00f3n de trabajos de Ernesto Che Guevara quiz\u00e1 permita, a m\u00e1s del logro de una comprensi\u00f3n m\u00e1s acabada de los t\u00e9rminos reales en que se plante\u00f3 el debate econ\u00f3mico en Cuba, mostrar la dimensi\u00f3n te\u00f3rica de un diligente revolucionario de la talla de Guevara. Dividida en dos partes, la primera re\u00fane sus trabajos fundamentales en torno al debate sobre el \u00abmodelo econ\u00f3mico\u00bb de construcci\u00f3n del socialismo en Cuba, desarrollado en los a\u00f1os 1963-1964. La segunda incluye sus escritos acerca de las relaciones econ\u00f3micas desiguales entre pa\u00edses desarrollados y subdesarrollados. En los dos \u00e1mbitos de problemas, Guevara aport\u00f3 valiosos puntos de vista para la teor\u00eda marxista de la econom\u00eda del periodo de transici\u00f3n.<br \/>\nContiene adem\u00e1s varios art\u00edculos de Ernest Mandel y Charles Bettelheim que permiten una visi\u00f3n completa del debate en torno a la construcci\u00f3n del socialismo en Cuba.<\/p>\n","protected":false},"excerpt":{"rendered":"<p>La presente selecci\u00f3n de trabajos de Ernesto Che Guevara quiz\u00e1 permita, una comprensi\u00f3n m\u00e1s acabada de los t\u00e9rminos reales en que se plante\u00f3 el debate econ\u00f3mico en Cuba, mostrar la dimensi\u00f3n te\u00f3rica de un diligente revolucionario de la talla de Guevara. <\/p>\n<div id=\"sellbtn_product_widget_container\">\n<div id=\"sell-card-preview\">\n<style type=\"text\/css\">\n               @CHARSET \"UTF-8\";.mbssellwidget-productcard-container,.mbssellwidget-columnpanel-container{display:block;overflow:hidden;background:#fff;border:2px solid #eaedef;padding:30px;max-width:590px;margin:0 auto;box-sizing:content-box;font-family:\"Muli\",Arial,Helvetica,sans-serif;font-size:14px;line-height:1.5em;font-weight:normal;color:#282828;text-align:left}.mbssellwidget-productcard-covercontainer{display:block;overflow:hidden;width:35%;max-width:185px;float:left;overflow:hidden;margin:0 30px 0 0}.mbssellwidget-productcard-covercontainer img{width:100%;margin:0}@media screen and (max-width: 500px){.mbssellwidget-productcard-covercontainer{float:none;width:100%;max-width:none}}.mbssellwidget-productcard-authorcontainer{display:block;overflow:hidden;margin-bottom:20px}.mbssellwidget-productcard-authorcontainer .mbssellwidget-productcard-authorimage{display:block;overflow:hidden;float:left;width:40px;height:40px;border-radius:50%;margin-right:10px}.mbssellwidget-productcard-authorcontainer .mbssellwidget-productcard-authorimage img{width:100%}.mbssellwidget-productcard-authorcontainer .mbssellwidget-productcard-authorname{line-height:40px;overflow:hidden;white-space:nowrap;text-overflow:ellipsis}.mbssellwidget-productcard-bookcontainer{display:block;overflow:hidden}.mbssellwidget-productcard-bookcontainer .mbssellwidget-productcard-booktitle{font-size:1.1em;line-height:1.5em;font-weight:500}.mbssellwidget-productcard-bookcontainer .mbssellwidget-productcard-bookdesc{font-size:.85em;line-height:1.5em;color:#727577}.mbssellwidget-productcard-bookcontainer .mbssellwidget-productcard-bookprice{margin-top:10px;margin-bottom:20px}.mbssellwidget-productcard-bookcontainer .mbssellwidget-productcard-bookprice .mbssellwidget-productcard-bookprice-binding{display:inline;font-size:.8em;text-transform:uppercase;color:#727577}.mbssellwidget-sellbutton{display:inline-block;background:#d91321;color:#fff;border:0px solid #d91321;font-family:\"Muli\",Arial,Helvetica,sans-serif;font-size:14px;font-weight:700;line-height:1.5em;text-decoration:none;text-transform:uppercase;border-radius:5px;padding:8px 20px;cursor:pointer}.mbssellwidget-sellbutton:hover{background:#c2111d;border:0px solid #d91321;border-color:#c2111d;color:#fff;text-decoration:none}.mbssellwidget-columnpanel-container{max-width:240px}@media screen and (max-width: 500px){.mbssellwidget-columnpanel-container{max-width:none}}.mbssellwidget-columnpanel-covercontainer{display:block;overflow:hidden;overflow:hidden;margin:0 0 20px 0;width:100%}.mbssellwidget-columnpanel-covercontainer img{width:100%;max-height:400px;margin:0}\n\/*# sourceMappingURL=widgets.css.map *\/\n            <\/style>\n<div id=\"sell-card306405\">\n<div id=\"sellbtn_buy-button306405\"><a id=\"btn_button306405\" class=\"mbssellwidget-sellbutton\" href=\"https:\/\/publish.mibestseller.es\/cart\/306405\" style=\"background: #ad1313;\">Compra<\/a><\/div>\n<\/p><\/div>\n<\/p><\/div>\n<\/p><\/div>\n<p><script type='text\/javascript' src='https:\/\/storage.ko-fi.com\/cdn\/widget\/Widget_2.js'><\/script><script type='text\/javascript'>kofiwidget2.init('Dona en Ko-fi', '#000000', 'C0C6AA2ZP');kofiwidget2.draw();<\/script> <\/p>\n<div id=\"download_product_widget_container\">\n<div id=\"download-card-preview\">\n<style type=\"text\/css\">.mbsdownloadwidget-productcard-container,.mbsdownloadwidget-columnpanel-container{display:block;overflow:hidden;background:#fff;border:2px solid #eaedef;padding:30px;max-width:590px;margin:0 auto;box-sizing:content-box;font-family:\"Rubik\";font-size:14px;line-height:1.5em;font-weight:normal;color:#282828;text-align:left}.mbsdownloadwidget-productcard-covercontainer{display:block;overflow:hidden;width:35%;max-width:185px;float:left;overflow:hidden;margin:0 30px 0 0}.mbsdownloadwidget-productcard-covercontainer img{width:100%;margin:0}@media screen and (max-width:500px){.mbsdownloadwidget-productcard-covercontainer{float:none;width:100%;max-width:none}}.mbsdownloadwidget-productcard-authorcontainer{display:block;overflow:hidden;margin-bottom:20px}.mbsdownloadwidget-productcard-authorcontainer .mbsdownloadwidget-productcard-authorimage{display:block;overflow:hidden;float:left;width:40px;height:40px;border-radius:50%;margin-right:10px}.mbsdownloadwidget-productcard-authorcontainer .mbsdownloadwidget-productcard-authorimage img{width:100%}.mbsdownloadwidget-productcard-authorcontainer .mbsdownloadwidget-productcard-authorname{line-height:40px;overflow:hidden;white-space:nowrap;text-overflow:ellipsis}.mbsdownloadwidget-productcard-bookcontainer{display:block;overflow:hidden}.mbsdownloadwidget-productcard-bookcontainer .mbsdownloadwidget-productcard-booktitle{font-size:1.1em;line-height:1.5em;font-weight:500}.mbsdownloadwidget-productcard-bookcontainer .mbsdownloadwidget-productcard-bookdesc{font-size:.85em;line-height:1.5em;color:#727577}.mbsdownloadwidget-productcard-bookcontainer .mbsdownloadwidget-productcard-bookprice{margin-top:10px;margin-bottom:20px}.mbsdownloadwidget-productcard-bookcontainer .mbsdownloadwidget-productcard-bookprice .mbsdownloadwidget-productcard-bookprice-binding{display:inline;font-size:.8em;text-transform:uppercase;color:#727577}.mbsdownloadwidget-downloadbutton{display:inline-block;background:#d91321;color:#fff;border:0 solid #d91321;font-family:\"Muli\",Arial,Helvetica,sans-serif;font-size:14px;font-weight:700;line-height:1.5em;text-decoration:none;text-transform:uppercase;border-radius:5px;padding:8px 20px;cursor:pointer}.mbsdownloadwidget-downloadbutton:hover{background:#c2111d;border:0 solid #d91321;border-color:#c2111d;color:#fff;text-decoration:none}.mbsdownloadwidget-columnpanel-container{max-width:240px}@media screen and (max-width:500px){.mbsdownloadwidget-columnpanel-container{max-width:none}}.mbsdownloadwidget-columnpanel-covercontainer{display:block;overflow:hidden;overflow:hidden;margin:0 0 20px 0;width:100%}.mbsdownloadwidget-columnpanel-covercontainer img{width:100%;max-height:400px;margin:0}<\/style>\n<div id=\"download-card315102\">\n<div id=\"downloadbtn_buy-button315102\"><a id=\"btn_button315102\" class=\"mbsdownloadwidget-downloadbutton\" style=\"background: #007396;\" href=\"https:\/\/unoendos.net\/wp-content\/uploads\/2025\/10\/Ernesto-Che-Guevara-Escritos-economicos.pdf\">Descarga<\/a><\/div>\n<\/div>\n<\/div>\n<\/div>\n","protected":false},"featured_media":2556,"template":"","meta":{"_uag_custom_page_level_css":"","site-sidebar-layout":"default","site-content-layout":"default","ast-site-content-layout":"default","site-content-style":"default","site-sidebar-style":"default","ast-global-header-display":"","ast-banner-title-visibility":"","ast-main-header-display":"","ast-hfb-above-header-display":"","ast-hfb-below-header-display":"","ast-hfb-mobile-header-display":"","site-post-title":"","ast-breadcrumbs-content":"","ast-featured-img":"","footer-sml-layout":"","ast-disable-related-posts":"","theme-transparent-header-meta":"default","adv-header-id-meta":"","stick-header-meta":"","header-above-stick-meta":"","header-main-stick-meta":"","header-below-stick-meta":"","astra-migrate-meta-layouts":"set","ast-page-background-enabled":"default","ast-page-background-meta":{"desktop":{"background-color":"","background-image":"","background-repeat":"repeat","background-position":"center center","background-size":"auto","background-attachment":"scroll","background-type":"","background-media":"","overlay-type":"","overlay-color":"","overlay-opacity":"","overlay-gradient":""},"tablet":{"background-color":"","background-image":"","background-repeat":"repeat","background-position":"center center","background-size":"auto","background-attachment":"scroll","background-type":"","background-media":"","overlay-type":"","overlay-color":"","overlay-opacity":"","overlay-gradient":""},"mobile":{"background-color":"","background-image":"","background-repeat":"repeat","background-position":"center center","background-size":"auto","background-attachment":"scroll","background-type":"","background-media":"","overlay-type":"","overlay-color":"","overlay-opacity":"","overlay-gradient":""}},"ast-content-background-meta":{"desktop":{"background-color":"var(--ast-global-color-5)","background-image":"","background-repeat":"repeat","background-position":"center center","background-size":"auto","background-attachment":"scroll","background-type":"","background-media":"","overlay-type":"","overlay-color":"","overlay-opacity":"","overlay-gradient":""},"tablet":{"background-color":"var(--ast-global-color-5)","background-image":"","background-repeat":"repeat","background-position":"center center","background-size":"auto","background-attachment":"scroll","background-type":"","background-media":"","overlay-type":"","overlay-color":"","overlay-opacity":"","overlay-gradient":""},"mobile":{"background-color":"var(--ast-global-color-5)","background-image":"","background-repeat":"repeat","background-position":"center center","background-size":"auto","background-attachment":"scroll","background-type":"","background-media":"","overlay-type":"","overlay-color":"","overlay-opacity":"","overlay-gradient":""}},"_themeisle_gutenberg_block_has_review":false},"product_brand":[],"product_cat":[37,38,39],"product_tag":[57,64,62,31,95],"class_list":{"0":"post-2242","1":"product","2":"type-product","3":"status-publish","4":"has-post-thumbnail","6":"product_cat-coleccionpyp","7":"product_cat-cep","8":"product_cat-crit-imperialismo","9":"product_tag-che-guevara","10":"product_tag-cep","11":"product_tag-crit-imperialismo","12":"product_tag-marxismo","13":"product_tag-tvt","14":"desktop-align-left","15":"tablet-align-left","16":"mobile-align-left","18":"first","19":"instock","20":"shipping-taxable","21":"purchasable","22":"product-type-simple"},"uagb_featured_image_src":{"full":["https:\/\/unoendos.net\/wp-content\/uploads\/2024\/12\/Mockup-Escritos-economicos.jpg",2250,1688,false],"thumbnail":["https:\/\/unoendos.net\/wp-content\/uploads\/2024\/12\/Mockup-Escritos-economicos-150x150.jpg",150,150,true],"medium":["https:\/\/unoendos.net\/wp-content\/uploads\/2024\/12\/Mockup-Escritos-economicos-300x225.jpg",300,225,true],"medium_large":["https:\/\/unoendos.net\/wp-content\/uploads\/2024\/12\/Mockup-Escritos-economicos-768x576.jpg",768,576,true],"large":["https:\/\/unoendos.net\/wp-content\/uploads\/2024\/12\/Mockup-Escritos-economicos-1024x768.jpg",1024,768,true],"1536x1536":["https:\/\/unoendos.net\/wp-content\/uploads\/2024\/12\/Mockup-Escritos-economicos-1536x1152.jpg",1536,1152,true],"2048x2048":["https:\/\/unoendos.net\/wp-content\/uploads\/2024\/12\/Mockup-Escritos-economicos-2048x1536.jpg",2048,1536,true],"woocommerce_thumbnail":["https:\/\/unoendos.net\/wp-content\/uploads\/2024\/12\/Mockup-Escritos-economicos-300x400.jpg",300,400,true],"woocommerce_single":["https:\/\/unoendos.net\/wp-content\/uploads\/2024\/12\/Mockup-Escritos-economicos-600x450.jpg",600,450,true],"woocommerce_gallery_thumbnail":["https:\/\/unoendos.net\/wp-content\/uploads\/2024\/12\/Mockup-Escritos-economicos-100x100.jpg",100,100,true]},"uagb_author_info":{"display_name":"Ediciones Uno en Dos","author_link":"https:\/\/unoendos.net\/?author=0"},"uagb_comment_info":0,"uagb_excerpt":"La presente selecci\u00f3n de trabajos de Ernesto Che Guevara quiz\u00e1 permita, una comprensi\u00f3n m\u00e1s acabada de los t\u00e9rminos reales en que se plante\u00f3 el debate econ\u00f3mico en Cuba, mostrar la dimensi\u00f3n te\u00f3rica de un diligente revolucionario de la talla de Guevara. Compra Descarga","jetpack_sharing_enabled":true,"_links":{"self":[{"href":"https:\/\/unoendos.net\/index.php?rest_route=\/wp\/v2\/product\/2242","targetHints":{"allow":["GET"]}}],"collection":[{"href":"https:\/\/unoendos.net\/index.php?rest_route=\/wp\/v2\/product"}],"about":[{"href":"https:\/\/unoendos.net\/index.php?rest_route=\/wp\/v2\/types\/product"}],"wp:featuredmedia":[{"embeddable":true,"href":"https:\/\/unoendos.net\/index.php?rest_route=\/wp\/v2\/media\/2556"}],"wp:attachment":[{"href":"https:\/\/unoendos.net\/index.php?rest_route=%2Fwp%2Fv2%2Fmedia&parent=2242"}],"wp:term":[{"taxonomy":"product_brand","embeddable":true,"href":"https:\/\/unoendos.net\/index.php?rest_route=%2Fwp%2Fv2%2Fproduct_brand&post=2242"},{"taxonomy":"product_cat","embeddable":true,"href":"https:\/\/unoendos.net\/index.php?rest_route=%2Fwp%2Fv2%2Fproduct_cat&post=2242"},{"taxonomy":"product_tag","embeddable":true,"href":"https:\/\/unoendos.net\/index.php?rest_route=%2Fwp%2Fv2%2Fproduct_tag&post=2242"}],"curies":[{"name":"wp","href":"https:\/\/api.w.org\/{rel}","templated":true}]}}