{"id":2213,"date":"2023-07-28T09:49:30","date_gmt":"2023-07-28T09:49:30","guid":{"rendered":"https:\/\/unoendos.net\/?post_type=product&#038;p=2213"},"modified":"2024-12-15T18:34:42","modified_gmt":"2024-12-15T18:34:42","slug":"feminismo-y-movimiento-de-mujeres-en-la-revolucion-rusa-cintia-frencia-daniel-gaido","status":"publish","type":"product","link":"https:\/\/unoendos.net\/?product=feminismo-y-movimiento-de-mujeres-en-la-revolucion-rusa-cintia-frencia-daniel-gaido","title":{"rendered":"Feminismo y movimiento de mujeres en la Revoluci\u00f3n Rusa &#8211; Cintia Frencia &#038; Daniel Gaido"},"content":{"rendered":"<p>A fines del siglo XIX, las socialistas alemanas, como parte del movimiento obrero, adoptaron una pol\u00edtica de \u00abseparaci\u00f3n tajante\u00bb de las feministas, como movimiento policlasista, y fijaron la postura de que no exist\u00eda una \u00fanica \u00abcuesti\u00f3n de la mujer\u00bb sino varias, correspondientes a la necesidades de las mujeres de las principales clases de la sociedad capitalista (la burgues\u00eda, la clase media y el proletariado). En t\u00e9rminos program\u00e1ticos, llamaron a abandonar la noci\u00f3n de igualdad en la legislaci\u00f3n y a adoptar leyes laborales protectoras del trabajo femenino y de las mujeres embarazadas y lactantes, as\u00ed como a levantar la bandera del sufragio universal femenino como consigna en torno a la cual pod\u00edan movilizar y organizar a las mujeres trabajadoras. Esta pol\u00edtica se transform\u00f3 en la l\u00ednea oficial de la Internacional de Mujeres Socialistas creada en 1907 en Stuttgart, la cual estableci\u00f3 la celebraci\u00f3n de un D\u00eda Internacional de la Mujer en su segunda conferencia celebrada en Copenhague en 1910. Dicha decisi\u00f3n jugar\u00eda un rol crucial en la historia de Rusia. Este trabajo analiza la historia del dichos debates y esfuerzos organizativos que, progresivamen-te, se fueron transformando en una lucha por el apoyo de las mujeres proletarias entre la principal organizaci\u00f3n feminista rusa (la Liga por la Igualdad de los Derechos de las Mujeres) y el ala revolucionaria de la socialdemocracia rusa, el Partido Bolchevique.<\/p>\n","protected":false},"excerpt":{"rendered":"<p>A fines del siglo XIX, las socialistas alemanas, como parte del movimiento obrero, adoptaron una pol\u00edtica de \u00abseparaci\u00f3n tajante\u00bb de las feministas, como movimiento policlasista, y fijaron la postura de que no exist\u00eda una \u00fanica \u00abcuesti\u00f3n de la mujer\u00bb sino varias, correspondientes a la necesidades de las mujeres de las principales clases de la sociedad capitalista (la burgues\u00eda, la clase media y el proletariado).<\/p>\n<div id=\"sellbtn_product_widget_container\">\n<div id=\"sell-card-preview\">\n<style type=\"text\/css\">.mbssellwidget-productcard-container,.mbssellwidget-columnpanel-container{display:block;overflow:hidden;background:#fff;border:2px solid #eaedef;padding:30px;max-width:590px;margin:0 auto;box-sizing:content-box;font-family:\"Muli\",Arial,Helvetica,sans-serif;font-size:14px;line-height:1.5em;font-weight:normal;color:#282828;text-align:left}.mbssellwidget-productcard-covercontainer{display:block;overflow:hidden;width:35%;max-width:185px;float:left;overflow:hidden;margin:0 30px 0 0}.mbssellwidget-productcard-covercontainer img{width:100%;margin:0}@media screen and (max-width:500px){.mbssellwidget-productcard-covercontainer{float:none;width:100%;max-width:none}}.mbssellwidget-productcard-authorcontainer{display:block;overflow:hidden;margin-bottom:20px}.mbssellwidget-productcard-authorcontainer .mbssellwidget-productcard-authorimage{display:block;overflow:hidden;float:left;width:40px;height:40px;border-radius:50%;margin-right:10px}.mbssellwidget-productcard-authorcontainer .mbssellwidget-productcard-authorimage img{width:100%}.mbssellwidget-productcard-authorcontainer .mbssellwidget-productcard-authorname{line-height:40px;overflow:hidden;white-space:nowrap;text-overflow:ellipsis}.mbssellwidget-productcard-bookcontainer{display:block;overflow:hidden}.mbssellwidget-productcard-bookcontainer .mbssellwidget-productcard-booktitle{font-size:1.1em;line-height:1.5em;font-weight:500}.mbssellwidget-productcard-bookcontainer .mbssellwidget-productcard-bookdesc{font-size:.85em;line-height:1.5em;color:#727577}.mbssellwidget-productcard-bookcontainer .mbssellwidget-productcard-bookprice{margin-top:10px;margin-bottom:20px}.mbssellwidget-productcard-bookcontainer .mbssellwidget-productcard-bookprice .mbssellwidget-productcard-bookprice-binding{display:inline;font-size:.8em;text-transform:uppercase;color:#727577}.mbssellwidget-sellbutton{display:inline-block;background:#d91321;color:#fff;border:0 solid #d91321;font-family:\"Muli\",Arial,Helvetica,sans-serif;font-size:14px;font-weight:700;line-height:1.5em;text-decoration:none;text-transform:uppercase;border-radius:5px;padding:8px 20px;cursor:pointer}.mbssellwidget-sellbutton:hover{background:#c2111d;border:0 solid #d91321;border-color:#c2111d;color:#fff;text-decoration:none}.mbssellwidget-columnpanel-container{max-width:240px}@media screen and (max-width:500px){.mbssellwidget-columnpanel-container{max-width:none}}.mbssellwidget-columnpanel-covercontainer{display:block;overflow:hidden;overflow:hidden;margin:0 0 20px 0;width:100%}.mbssellwidget-columnpanel-covercontainer img{width:100%;max-height:400px;margin:0}<\/style>\n<div id=\"sell-card341720\">\n<div id=\"sellbtn_buy-button341720\"><a id=\"btn_button341720\" class=\"mbssellwidget-sellbutton\" href=\"https:\/\/publish.mibestseller.es\/cart\/341720\" style=\"background: #ad1313;\">Compra<\/a><\/div>\n<\/p><\/div>\n<\/p><\/div>\n<\/p><\/div>\n<p><script type='text\/javascript' src='https:\/\/storage.ko-fi.com\/cdn\/widget\/Widget_2.js'><\/script><script type='text\/javascript'>kofiwidget2.init('Dona en Ko-fi', '#000000', 'C0C6AA2ZP');kofiwidget2.draw();<\/script> <\/p>\n","protected":false},"featured_media":2585,"template":"","meta":{"_uag_custom_page_level_css":"","site-sidebar-layout":"default","site-content-layout":"default","ast-site-content-layout":"default","site-content-style":"default","site-sidebar-style":"default","ast-global-header-display":"","ast-banner-title-visibility":"","ast-main-header-display":"","ast-hfb-above-header-display":"","ast-hfb-below-header-display":"","ast-hfb-mobile-header-display":"","site-post-title":"","ast-breadcrumbs-content":"","ast-featured-img":"","footer-sml-layout":"","ast-disable-related-posts":"","theme-transparent-header-meta":"default","adv-header-id-meta":"","stick-header-meta":"","header-above-stick-meta":"","header-main-stick-meta":"","header-below-stick-meta":"","astra-migrate-meta-layouts":"set","ast-page-background-enabled":"default","ast-page-background-meta":{"desktop":{"background-color":"","background-image":"","background-repeat":"repeat","background-position":"center center","background-size":"auto","background-attachment":"scroll","background-type":"","background-media":"","overlay-type":"","overlay-color":"","overlay-opacity":"","overlay-gradient":""},"tablet":{"background-color":"","background-image":"","background-repeat":"repeat","background-position":"center center","background-size":"auto","background-attachment":"scroll","background-type":"","background-media":"","overlay-type":"","overlay-color":"","overlay-opacity":"","overlay-gradient":""},"mobile":{"background-color":"","background-image":"","background-repeat":"repeat","background-position":"center center","background-size":"auto","background-attachment":"scroll","background-type":"","background-media":"","overlay-type":"","overlay-color":"","overlay-opacity":"","overlay-gradient":""}},"ast-content-background-meta":{"desktop":{"background-color":"var(--ast-global-color-5)","background-image":"","background-repeat":"repeat","background-position":"center center","background-size":"auto","background-attachment":"scroll","background-type":"","background-media":"","overlay-type":"","overlay-color":"","overlay-opacity":"","overlay-gradient":""},"tablet":{"background-color":"var(--ast-global-color-5)","background-image":"","background-repeat":"repeat","background-position":"center center","background-size":"auto","background-attachment":"scroll","background-type":"","background-media":"","overlay-type":"","overlay-color":"","overlay-opacity":"","overlay-gradient":""},"mobile":{"background-color":"var(--ast-global-color-5)","background-image":"","background-repeat":"repeat","background-position":"center center","background-size":"auto","background-attachment":"scroll","background-type":"","background-media":"","overlay-type":"","overlay-color":"","overlay-opacity":"","overlay-gradient":""}},"_themeisle_gutenberg_block_has_review":false},"product_brand":[],"product_cat":[40],"product_tag":[65,31],"class_list":{"0":"post-2213","1":"product","2":"type-product","3":"status-publish","4":"has-post-thumbnail","6":"product_cat-cuestion-mujer","7":"product_tag-cuestion-mujer","8":"product_tag-marxismo","9":"desktop-align-left","10":"tablet-align-left","11":"mobile-align-left","13":"first","14":"instock","15":"shipping-taxable","16":"purchasable","17":"product-type-simple"},"uagb_featured_image_src":{"full":["https:\/\/unoendos.net\/wp-content\/uploads\/2024\/12\/Mockup-Feminismo-y-movimiento-de-mujeres-socialistas.jpg",2250,1688,false],"thumbnail":["https:\/\/unoendos.net\/wp-content\/uploads\/2024\/12\/Mockup-Feminismo-y-movimiento-de-mujeres-socialistas-150x150.jpg",150,150,true],"medium":["https:\/\/unoendos.net\/wp-content\/uploads\/2024\/12\/Mockup-Feminismo-y-movimiento-de-mujeres-socialistas-300x225.jpg",300,225,true],"medium_large":["https:\/\/unoendos.net\/wp-content\/uploads\/2024\/12\/Mockup-Feminismo-y-movimiento-de-mujeres-socialistas-768x576.jpg",768,576,true],"large":["https:\/\/unoendos.net\/wp-content\/uploads\/2024\/12\/Mockup-Feminismo-y-movimiento-de-mujeres-socialistas-1024x768.jpg",1024,768,true],"1536x1536":["https:\/\/unoendos.net\/wp-content\/uploads\/2024\/12\/Mockup-Feminismo-y-movimiento-de-mujeres-socialistas-1536x1152.jpg",1536,1152,true],"2048x2048":["https:\/\/unoendos.net\/wp-content\/uploads\/2024\/12\/Mockup-Feminismo-y-movimiento-de-mujeres-socialistas-2048x1536.jpg",2048,1536,true],"woocommerce_thumbnail":["https:\/\/unoendos.net\/wp-content\/uploads\/2024\/12\/Mockup-Feminismo-y-movimiento-de-mujeres-socialistas-300x400.jpg",300,400,true],"woocommerce_single":["https:\/\/unoendos.net\/wp-content\/uploads\/2024\/12\/Mockup-Feminismo-y-movimiento-de-mujeres-socialistas-600x450.jpg",600,450,true],"woocommerce_gallery_thumbnail":["https:\/\/unoendos.net\/wp-content\/uploads\/2024\/12\/Mockup-Feminismo-y-movimiento-de-mujeres-socialistas-100x100.jpg",100,100,true]},"uagb_author_info":{"display_name":"Ediciones Uno en Dos","author_link":"https:\/\/unoendos.net\/?author=0"},"uagb_comment_info":0,"uagb_excerpt":"A fines del siglo XIX, las socialistas alemanas, como parte del movimiento obrero, adoptaron una pol\u00edtica de \u00abseparaci\u00f3n tajante\u00bb de las feministas, como movimiento policlasista, y fijaron la postura de que no exist\u00eda una \u00fanica \u00abcuesti\u00f3n de la mujer\u00bb sino varias, correspondientes a la necesidades de las mujeres de las principales clases de la sociedad&hellip;","jetpack_sharing_enabled":true,"_links":{"self":[{"href":"https:\/\/unoendos.net\/index.php?rest_route=\/wp\/v2\/product\/2213","targetHints":{"allow":["GET"]}}],"collection":[{"href":"https:\/\/unoendos.net\/index.php?rest_route=\/wp\/v2\/product"}],"about":[{"href":"https:\/\/unoendos.net\/index.php?rest_route=\/wp\/v2\/types\/product"}],"wp:featuredmedia":[{"embeddable":true,"href":"https:\/\/unoendos.net\/index.php?rest_route=\/wp\/v2\/media\/2585"}],"wp:attachment":[{"href":"https:\/\/unoendos.net\/index.php?rest_route=%2Fwp%2Fv2%2Fmedia&parent=2213"}],"wp:term":[{"taxonomy":"product_brand","embeddable":true,"href":"https:\/\/unoendos.net\/index.php?rest_route=%2Fwp%2Fv2%2Fproduct_brand&post=2213"},{"taxonomy":"product_cat","embeddable":true,"href":"https:\/\/unoendos.net\/index.php?rest_route=%2Fwp%2Fv2%2Fproduct_cat&post=2213"},{"taxonomy":"product_tag","embeddable":true,"href":"https:\/\/unoendos.net\/index.php?rest_route=%2Fwp%2Fv2%2Fproduct_tag&post=2213"}],"curies":[{"name":"wp","href":"https:\/\/api.w.org\/{rel}","templated":true}]}}