{"id":2130,"date":"2023-05-04T09:37:50","date_gmt":"2023-05-04T09:37:50","guid":{"rendered":"https:\/\/unoendos.net\/?post_type=product&#038;p=2130"},"modified":"2025-06-27T08:53:56","modified_gmt":"2025-06-27T08:53:56","slug":"materialismo-dialectico-henri-lefebvre","status":"publish","type":"product","link":"https:\/\/unoendos.net\/?product=materialismo-dialectico-henri-lefebvre","title":{"rendered":"Materialismo Dial\u00e9ctico &#8211; Henri Lefebvre"},"content":{"rendered":"<p>En la presente obra el autor trata de ofrecer una exposici\u00f3n breve y clara del materialismo dial\u00e9ctico seg\u00fan lo entend\u00eda Marx. Para ello parte de una explicaci\u00f3n de Hegel que le permite establecer las diferencias y condicidencias con Marx en diferentes \u00e1mbitos como la dial\u00e9ctica, el determismo social, la alienaci\u00f3n o la l\u00f3gica o el hombre total.<br \/>\nA trav\u00e9s de dichas explicaciones, de diferente duraci\u00f3n seg\u00fan el tema, Lefebvre busca aportar un relato coherente no solo de la teor\u00eda hegeliana sino de como el marxismo aprehende dicha teor\u00eda y permite una soluci\u00f3n para la emancipaci\u00f3n de la humanidad. <\/p>\n","protected":false},"excerpt":{"rendered":"<p>La presente obra es una exposici\u00f3n breve y clara del materialismo dial\u00e9ctico partiendo de una explicaci\u00f3n de Hegel y sus diferencias y coincidencias con Marx en \u00e1mbitos como la dial\u00e9ctica, el determismo social, la alienaci\u00f3n o la l\u00f3gica o el hombre total. <\/p>\n<div id=\"sellbtn_product_widget_container\">\n<div id=\"sell-card-preview\">\n<style type=\"text\/css\">.mbssellwidget-productcard-container,.mbssellwidget-columnpanel-container{display:block;overflow:hidden;background:#fff;border:2px solid #eaedef;padding:30px;max-width:590px;margin:0 auto;box-sizing:content-box;font-family:\"Muli\",Arial,Helvetica,sans-serif;font-size:14px;line-height:1.5em;font-weight:normal;color:#282828;text-align:left}.mbssellwidget-productcard-covercontainer{display:block;overflow:hidden;width:35%;max-width:185px;float:left;overflow:hidden;margin:0 30px 0 0}.mbssellwidget-productcard-covercontainer img{width:100%;margin:0}@media screen and (max-width:500px){.mbssellwidget-productcard-covercontainer{float:none;width:100%;max-width:none}}.mbssellwidget-productcard-authorcontainer{display:block;overflow:hidden;margin-bottom:20px}.mbssellwidget-productcard-authorcontainer .mbssellwidget-productcard-authorimage{display:block;overflow:hidden;float:left;width:40px;height:40px;border-radius:50%;margin-right:10px}.mbssellwidget-productcard-authorcontainer .mbssellwidget-productcard-authorimage img{width:100%}.mbssellwidget-productcard-authorcontainer .mbssellwidget-productcard-authorname{line-height:40px;overflow:hidden;white-space:nowrap;text-overflow:ellipsis}.mbssellwidget-productcard-bookcontainer{display:block;overflow:hidden}.mbssellwidget-productcard-bookcontainer .mbssellwidget-productcard-booktitle{font-size:1.1em;line-height:1.5em;font-weight:500}.mbssellwidget-productcard-bookcontainer .mbssellwidget-productcard-bookdesc{font-size:.85em;line-height:1.5em;color:#727577}.mbssellwidget-productcard-bookcontainer .mbssellwidget-productcard-bookprice{margin-top:10px;margin-bottom:20px}.mbssellwidget-productcard-bookcontainer .mbssellwidget-productcard-bookprice .mbssellwidget-productcard-bookprice-binding{display:inline;font-size:.8em;text-transform:uppercase;color:#727577}.mbssellwidget-sellbutton{display:inline-block;background:#d91321;color:#fff;border:0 solid #d91321;font-family:\"Muli\",Arial,Helvetica,sans-serif;font-size:14px;font-weight:700;line-height:1.5em;text-decoration:none;text-transform:uppercase;border-radius:5px;padding:8px 20px;cursor:pointer}.mbssellwidget-sellbutton:hover{background:#c2111d;border:0 solid #d91321;border-color:#c2111d;color:#fff;text-decoration:none}.mbssellwidget-columnpanel-container{max-width:240px}@media screen and (max-width:500px){.mbssellwidget-columnpanel-container{max-width:none}}.mbssellwidget-columnpanel-covercontainer{display:block;overflow:hidden;overflow:hidden;margin:0 0 20px 0;width:100%}.mbssellwidget-columnpanel-covercontainer img{width:100%;max-height:400px;margin:0}<\/style>\n<div id=\"sell-card300846\">\n<div id=\"sellbtn_buy-button300846\"><a id=\"btn_button300846\" class=\"mbssellwidget-sellbutton\" href=\"https:\/\/publish.mibestseller.es\/cart\/300846\" style=\"background: #ad1313;\">Compra<\/a><\/div>\n<\/p><\/div>\n<\/p><\/div>\n<\/p><\/div>\n<p><script type='text\/javascript' src='https:\/\/storage.ko-fi.com\/cdn\/widget\/Widget_2.js'><\/script><script type='text\/javascript'>kofiwidget2.init('Dona en Ko-fi', '#000000', 'C0C6AA2ZP');kofiwidget2.draw();<\/script><\/p>\n<div id=\"download_product_widget_container\">\n<div id=\"download-card-preview\">\n<style type=\"text\/css\">.mbsdownloadwidget-productcard-container,.mbsdownloadwidget-columnpanel-container{display:block;overflow:hidden;background:#fff;border:2px solid #eaedef;padding:30px;max-width:590px;margin:0 auto;box-sizing:content-box;font-family:\"Rubik\";font-size:14px;line-height:1.5em;font-weight:normal;color:#282828;text-align:left}.mbsdownloadwidget-productcard-covercontainer{display:block;overflow:hidden;width:35%;max-width:185px;float:left;overflow:hidden;margin:0 30px 0 0}.mbsdownloadwidget-productcard-covercontainer img{width:100%;margin:0}@media screen and (max-width:500px){.mbsdownloadwidget-productcard-covercontainer{float:none;width:100%;max-width:none}}.mbsdownloadwidget-productcard-authorcontainer{display:block;overflow:hidden;margin-bottom:20px}.mbsdownloadwidget-productcard-authorcontainer .mbsdownloadwidget-productcard-authorimage{display:block;overflow:hidden;float:left;width:40px;height:40px;border-radius:50%;margin-right:10px}.mbsdownloadwidget-productcard-authorcontainer .mbsdownloadwidget-productcard-authorimage img{width:100%}.mbsdownloadwidget-productcard-authorcontainer .mbsdownloadwidget-productcard-authorname{line-height:40px;overflow:hidden;white-space:nowrap;text-overflow:ellipsis}.mbsdownloadwidget-productcard-bookcontainer{display:block;overflow:hidden}.mbsdownloadwidget-productcard-bookcontainer .mbsdownloadwidget-productcard-booktitle{font-size:1.1em;line-height:1.5em;font-weight:500}.mbsdownloadwidget-productcard-bookcontainer .mbsdownloadwidget-productcard-bookdesc{font-size:.85em;line-height:1.5em;color:#727577}.mbsdownloadwidget-productcard-bookcontainer .mbsdownloadwidget-productcard-bookprice{margin-top:10px;margin-bottom:20px}.mbsdownloadwidget-productcard-bookcontainer .mbsdownloadwidget-productcard-bookprice .mbsdownloadwidget-productcard-bookprice-binding{display:inline;font-size:.8em;text-transform:uppercase;color:#727577}.mbsdownloadwidget-downloadbutton{display:inline-block;background:#d91321;color:#fff;border:0 solid #d91321;font-family:\"Muli\",Arial,Helvetica,sans-serif;font-size:14px;font-weight:700;line-height:1.5em;text-decoration:none;text-transform:uppercase;border-radius:5px;padding:8px 20px;cursor:pointer}.mbsdownloadwidget-downloadbutton:hover{background:#c2111d;border:0 solid #d91321;border-color:#c2111d;color:#fff;text-decoration:none}.mbsdownloadwidget-columnpanel-container{max-width:240px}@media screen and (max-width:500px){.mbsdownloadwidget-columnpanel-container{max-width:none}}.mbsdownloadwidget-columnpanel-covercontainer{display:block;overflow:hidden;overflow:hidden;margin:0 0 20px 0;width:100%}.mbsdownloadwidget-columnpanel-covercontainer img{width:100%;max-height:400px;margin:0}<\/style>\n<div id=\"download-card315102\">\n<div id=\"downloadbtn_buy-button315102\"><a id=\"btn_button315102\" class=\"mbsdownloadwidget-downloadbutton\" style=\"background: #007396;\" href=\"https:\/\/unoendos.net\/wp-content\/uploads\/2025\/06\/Lefebvre-Materialismo-dialectico.pdf\">Descarga<\/a><\/div>\n<\/div>\n<\/div>\n<\/div>\n","protected":false},"featured_media":2593,"template":"","meta":{"_uag_custom_page_level_css":"","site-sidebar-layout":"default","site-content-layout":"default","ast-site-content-layout":"default","site-content-style":"default","site-sidebar-style":"default","ast-global-header-display":"","ast-banner-title-visibility":"","ast-main-header-display":"","ast-hfb-above-header-display":"","ast-hfb-below-header-display":"","ast-hfb-mobile-header-display":"","site-post-title":"","ast-breadcrumbs-content":"","ast-featured-img":"","footer-sml-layout":"","ast-disable-related-posts":"","theme-transparent-header-meta":"default","adv-header-id-meta":"","stick-header-meta":"","header-above-stick-meta":"","header-main-stick-meta":"","header-below-stick-meta":"","astra-migrate-meta-layouts":"set","ast-page-background-enabled":"default","ast-page-background-meta":{"desktop":{"background-color":"","background-image":"","background-repeat":"repeat","background-position":"center center","background-size":"auto","background-attachment":"scroll","background-type":"","background-media":"","overlay-type":"","overlay-color":"","overlay-opacity":"","overlay-gradient":""},"tablet":{"background-color":"","background-image":"","background-repeat":"repeat","background-position":"center center","background-size":"auto","background-attachment":"scroll","background-type":"","background-media":"","overlay-type":"","overlay-color":"","overlay-opacity":"","overlay-gradient":""},"mobile":{"background-color":"","background-image":"","background-repeat":"repeat","background-position":"center center","background-size":"auto","background-attachment":"scroll","background-type":"","background-media":"","overlay-type":"","overlay-color":"","overlay-opacity":"","overlay-gradient":""}},"ast-content-background-meta":{"desktop":{"background-color":"var(--ast-global-color-5)","background-image":"","background-repeat":"repeat","background-position":"center center","background-size":"auto","background-attachment":"scroll","background-type":"","background-media":"","overlay-type":"","overlay-color":"","overlay-opacity":"","overlay-gradient":""},"tablet":{"background-color":"var(--ast-global-color-5)","background-image":"","background-repeat":"repeat","background-position":"center center","background-size":"auto","background-attachment":"scroll","background-type":"","background-media":"","overlay-type":"","overlay-color":"","overlay-opacity":"","overlay-gradient":""},"mobile":{"background-color":"var(--ast-global-color-5)","background-image":"","background-repeat":"repeat","background-position":"center center","background-size":"auto","background-attachment":"scroll","background-type":"","background-media":"","overlay-type":"","overlay-color":"","overlay-opacity":"","overlay-gradient":""}},"_themeisle_gutenberg_block_has_review":false},"product_brand":[],"product_cat":[45],"product_tag":[68,76,31],"class_list":{"0":"post-2130","1":"product","2":"type-product","3":"status-publish","4":"has-post-thumbnail","6":"product_cat-lefebvre","7":"product_tag-dialectica","8":"product_tag-lefebvre","9":"product_tag-marxismo","10":"desktop-align-left","11":"tablet-align-left","12":"mobile-align-left","14":"first","15":"instock","16":"shipping-taxable","17":"purchasable","18":"product-type-simple"},"uagb_featured_image_src":{"full":["https:\/\/unoendos.net\/wp-content\/uploads\/2024\/12\/Mockup-Lefebvre-Materialismo-dialectico.jpg",2250,1688,false],"thumbnail":["https:\/\/unoendos.net\/wp-content\/uploads\/2024\/12\/Mockup-Lefebvre-Materialismo-dialectico-150x150.jpg",150,150,true],"medium":["https:\/\/unoendos.net\/wp-content\/uploads\/2024\/12\/Mockup-Lefebvre-Materialismo-dialectico-300x225.jpg",300,225,true],"medium_large":["https:\/\/unoendos.net\/wp-content\/uploads\/2024\/12\/Mockup-Lefebvre-Materialismo-dialectico-768x576.jpg",768,576,true],"large":["https:\/\/unoendos.net\/wp-content\/uploads\/2024\/12\/Mockup-Lefebvre-Materialismo-dialectico-1024x768.jpg",1024,768,true],"1536x1536":["https:\/\/unoendos.net\/wp-content\/uploads\/2024\/12\/Mockup-Lefebvre-Materialismo-dialectico-1536x1152.jpg",1536,1152,true],"2048x2048":["https:\/\/unoendos.net\/wp-content\/uploads\/2024\/12\/Mockup-Lefebvre-Materialismo-dialectico-2048x1536.jpg",2048,1536,true],"woocommerce_thumbnail":["https:\/\/unoendos.net\/wp-content\/uploads\/2024\/12\/Mockup-Lefebvre-Materialismo-dialectico-300x400.jpg",300,400,true],"woocommerce_single":["https:\/\/unoendos.net\/wp-content\/uploads\/2024\/12\/Mockup-Lefebvre-Materialismo-dialectico-600x450.jpg",600,450,true],"woocommerce_gallery_thumbnail":["https:\/\/unoendos.net\/wp-content\/uploads\/2024\/12\/Mockup-Lefebvre-Materialismo-dialectico-100x100.jpg",100,100,true]},"uagb_author_info":{"display_name":"Ediciones Uno en Dos","author_link":"https:\/\/unoendos.net\/?author=0"},"uagb_comment_info":0,"uagb_excerpt":"La presente obra es una exposici\u00f3n breve y clara del materialismo dial\u00e9ctico partiendo de una explicaci\u00f3n de Hegel y sus diferencias y coincidencias con Marx en \u00e1mbitos como la dial\u00e9ctica, el determismo social, la alienaci\u00f3n o la l\u00f3gica o el hombre total. Compra Descarga","jetpack_sharing_enabled":true,"_links":{"self":[{"href":"https:\/\/unoendos.net\/index.php?rest_route=\/wp\/v2\/product\/2130","targetHints":{"allow":["GET"]}}],"collection":[{"href":"https:\/\/unoendos.net\/index.php?rest_route=\/wp\/v2\/product"}],"about":[{"href":"https:\/\/unoendos.net\/index.php?rest_route=\/wp\/v2\/types\/product"}],"wp:featuredmedia":[{"embeddable":true,"href":"https:\/\/unoendos.net\/index.php?rest_route=\/wp\/v2\/media\/2593"}],"wp:attachment":[{"href":"https:\/\/unoendos.net\/index.php?rest_route=%2Fwp%2Fv2%2Fmedia&parent=2130"}],"wp:term":[{"taxonomy":"product_brand","embeddable":true,"href":"https:\/\/unoendos.net\/index.php?rest_route=%2Fwp%2Fv2%2Fproduct_brand&post=2130"},{"taxonomy":"product_cat","embeddable":true,"href":"https:\/\/unoendos.net\/index.php?rest_route=%2Fwp%2Fv2%2Fproduct_cat&post=2130"},{"taxonomy":"product_tag","embeddable":true,"href":"https:\/\/unoendos.net\/index.php?rest_route=%2Fwp%2Fv2%2Fproduct_tag&post=2130"}],"curies":[{"name":"wp","href":"https:\/\/api.w.org\/{rel}","templated":true}]}}