{"id":8,"date":"2023-01-22T20:58:22","date_gmt":"2023-01-22T20:58:22","guid":{"rendered":"https:\/\/unoendos.net\/?page_id=8"},"modified":"2025-10-31T12:31:12","modified_gmt":"2025-10-31T12:31:12","slug":"home","status":"publish","type":"page","link":"https:\/\/unoendos.net\/","title":{"rendered":"Inicio"},"content":{"rendered":"\n<div class=\"wp-block-uagb-container uagb-block-d8c285b3 alignfull uagb-is-root-container\"><div class=\"uagb-container-inner-blocks-wrap\">\n<div class=\"wp-block-uagb-advanced-heading uagb-block-8e0cb2d3\"><h6 class=\"uagb-heading-text\">Ediciones <br>Uno en Dos<\/h6><p class=\"uagb-desc-text\">Proporcionando herramientas para el pensamiento revolucionario<\/p><\/div>\n<\/div><\/div>\n\n\n\n<div class=\"wp-block-uagb-container uagb-block-1aeba71e alignfull uagb-is-root-container\"><div class=\"uagb-container-inner-blocks-wrap\">\n<div class=\"wp-block-uagb-container uagb-block-88d01436\">\n<div class=\"wp-block-uagb-info-box uagb-block-d3b8421b uagb-infobox__content-wrap  uagb-infobox-icon-above-title uagb-infobox-image-valign-top\"><div class=\"uagb-ifb-content\"><div class=\"uagb-ifb-title-wrap\"><span class=\"uagb-ifb-title-prefix\">DESTACADO<\/span><h1 class=\"uagb-ifb-title\">Maquiavelo y Lenin (Notas para una teor\u00eda pol\u00edtica marxista) &#8211; Antonio Gramsci<\/h1><\/div><p class=\"uagb-ifb-desc\"><strong>Antonio Gramsci fue un revolucionario italiano, un combatiente implacable del fascismo en la Italia de Mussolini. Un hombre de acci\u00f3n que enfrent\u00f3 las tareas propias de su aptitud pol\u00edtica con el rigor cient\u00edfico del materialismo hist\u00f3rico. Por eso Gramsci est\u00e1 en el umbral de toda meditaci\u00f3n actual sobre el marxismo.<\/strong><br>Durante los crueles a\u00f1os de su prisi\u00f3n, redacta las notas que componen este volumen. Prisi\u00f3n de la que s\u00f3lo pudo salir al cabo de once duros a\u00f1os, aquejado de graves dolencias para morir dos d\u00edas despu\u00e9s de su libertad, el 27 de abril de 1937. Sus notas agrupadas en los \u00abCuadernos de la C\u00e1rcel\u00bb fueron la base para estos estudios.<\/p><\/div><\/div>\n\n\n\n<div class=\"wp-block-uagb-buttons uagb-buttons__outer-wrap uagb-btn__default-btn uagb-btn-tablet__default-btn uagb-btn-mobile__default-btn uagb-block-0b219591\"><div class=\"uagb-buttons__wrap uagb-buttons-layout-wrap \">\n<div class=\"wp-block-uagb-buttons-child uagb-buttons__outer-wrap uagb-block-3c8c6f2a wp-block-button is-style-outline\"><div class=\"uagb-button__wrapper\"><a class=\"uagb-buttons-repeater wp-block-button__link\" aria-label=\"\" href=\"https:\/\/publishes.bookmundo.com\/books\/22023544\" rel=\"follow noopener\" target=\"_blank\" role=\"button\"><span class=\"uagb-button__icon uagb-button__icon-position-before\"><svg xmlns=\"https:\/\/www.w3.org\/2000\/svg\" viewBox=\"0 0 448 512\" aria-hidden=\"true\" focussable=\"false\"><path d=\"M448 336v-288C448 21.49 426.5 0 400 0H352v191.1c0 13.41-15.52 20.88-25.1 12.49L272 160L217.1 204.5C207.5 212.8 192 205.4 192 191.1V0H96C42.98 0 0 42.98 0 96v320c0 53.02 42.98 96 96 96h320c17.67 0 32-14.33 32-32c0-11.72-6.607-21.52-16-27.1v-81.36C441.8 362.8 448 350.2 448 336zM384 448H96c-17.67 0-32-14.33-32-32c0-17.67 14.33-32 32-32h288V448z\"><\/path><\/svg><\/span><div class=\"uagb-button__link\">COMPRAR<\/div><\/a><\/div><\/div>\n\n\n\n<div class=\"wp-block-uagb-buttons-child uagb-buttons__outer-wrap uagb-block-a4c28998 wp-block-button\"><div class=\"uagb-button__wrapper\"><a class=\"uagb-buttons-repeater wp-block-button__link\" aria-label=\"\" href=\"https:\/\/ko-fi.com\/unoendos\" rel=\"follow noopener\" target=\"_self\" role=\"button\"><div class=\"uagb-button__link\">DONA EN KO-FI<\/div><span class=\"uagb-button__icon uagb-button__icon-position-after\"><svg xmlns=\"https:\/\/www.w3.org\/2000\/svg\" viewBox=\"0 0 512 512\" aria-hidden=\"true\" focussable=\"false\"><path d=\"M512 80C512 98.01 497.7 114.6 473.6 128C444.5 144.1 401.2 155.5 351.3 158.9C347.7 157.2 343.9 155.5 340.1 153.9C300.6 137.4 248.2 128 192 128C183.7 128 175.6 128.2 167.5 128.6L166.4 128C142.3 114.6 128 98.01 128 80C128 35.82 213.1 0 320 0C426 0 512 35.82 512 80V80zM160.7 161.1C170.9 160.4 181.3 160 192 160C254.2 160 309.4 172.3 344.5 191.4C369.3 204.9 384 221.7 384 240C384 243.1 383.3 247.9 381.9 251.7C377.3 264.9 364.1 277 346.9 287.3C346.9 287.3 346.9 287.3 346.9 287.3C346.8 287.3 346.6 287.4 346.5 287.5L346.5 287.5C346.2 287.7 345.9 287.8 345.6 288C310.6 307.4 254.8 320 192 320C132.4 320 79.06 308.7 43.84 290.9C41.97 289.9 40.15 288.1 38.39 288C14.28 274.6 0 258 0 240C0 205.2 53.43 175.5 128 164.6C138.5 163 149.4 161.8 160.7 161.1L160.7 161.1zM391.9 186.6C420.2 182.2 446.1 175.2 468.1 166.1C484.4 159.3 499.5 150.9 512 140.6V176C512 195.3 495.5 213.1 468.2 226.9C453.5 234.3 435.8 240.5 415.8 245.3C415.9 243.6 416 241.8 416 240C416 218.1 405.4 200.1 391.9 186.6V186.6zM384 336C384 354 369.7 370.6 345.6 384C343.8 384.1 342 385.9 340.2 386.9C304.9 404.7 251.6 416 192 416C129.2 416 73.42 403.4 38.39 384C14.28 370.6 .0003 354 .0003 336V300.6C12.45 310.9 27.62 319.3 43.93 326.1C83.44 342.6 135.8 352 192 352C248.2 352 300.6 342.6 340.1 326.1C347.9 322.9 355.4 319.2 362.5 315.2C368.6 311.8 374.3 308 379.7 304C381.2 302.9 382.6 301.7 384 300.6L384 336zM416 278.1C434.1 273.1 452.5 268.6 468.1 262.1C484.4 255.3 499.5 246.9 512 236.6V272C512 282.5 507 293 497.1 302.9C480.8 319.2 452.1 332.6 415.8 341.3C415.9 339.6 416 337.8 416 336V278.1zM192 448C248.2 448 300.6 438.6 340.1 422.1C356.4 415.3 371.5 406.9 384 396.6V432C384 476.2 298 512 192 512C85.96 512 .0003 476.2 .0003 432V396.6C12.45 406.9 27.62 415.3 43.93 422.1C83.44 438.6 135.8 448 192 448z\"><\/path><\/svg><\/span><\/a><\/div><\/div>\n<\/div><\/div>\n<\/div>\n\n\n\n<div class=\"wp-block-uagb-container uagb-block-2d84067a\">\n<div class=\"wp-block-uagb-image aligncenter uagb-block-16272fc6 wp-block-uagb-image--layout-default wp-block-uagb-image--effect-static wp-block-uagb-image--align-center\"><figure class=\"wp-block-uagb-image__figure\"><img decoding=\"async\" srcset=\"https:\/\/unoendos.net\/wp-content\/uploads\/2025\/10\/Maquiavelo-y-Lenin-Antonio-Gramsci-724x1024.jpg ,https:\/\/unoendos.net\/wp-content\/uploads\/2025\/10\/Maquiavelo-y-Lenin-Antonio-Gramsci-scaled.jpg 780w, https:\/\/unoendos.net\/wp-content\/uploads\/2025\/10\/Maquiavelo-y-Lenin-Antonio-Gramsci-scaled.jpg 360w\" sizes=\"auto, (max-width: 480px) 150px\" src=\"https:\/\/unoendos.net\/wp-content\/uploads\/2025\/10\/Maquiavelo-y-Lenin-Antonio-Gramsci-724x1024.jpg\" alt=\"\" class=\"uag-image-2667\" width=\"724\" height=\"1024\" title=\"Maquiavelo y Lenin-Antonio Gramsci\" loading=\"lazy\" role=\"img\"\/><\/figure><\/div>\n<\/div>\n<\/div><\/div>\n\n\n\n<div class=\"wp-block-uagb-container uagb-block-9455e701 alignfull uagb-is-root-container\"><div class=\"uagb-container-inner-blocks-wrap\">\n<div class=\"wp-block-uagb-advanced-heading uagb-block-ec53c0e1\"><h2 class=\"uagb-heading-text\">Nuestro cat\u00e1logo\u200b<\/h2><\/div>\n\n\n<div class=\"woocommerce columns-4 \"><ul class=\"products columns-4\">\n<li class=\"desktop-align-left tablet-align-left mobile-align-left product type-product post-2664 status-publish first instock product_cat-estudio-ideologia product_cat-teoria-politica product_cat-teoria-estrategia-militar product_tag-marxismo product_tag-teoria-politica has-post-thumbnail shipping-taxable purchasable product-type-simple\">\n\t<a href=\"https:\/\/unoendos.net\/?product=maquiavelo-y-lenin-antonio-gramsci\" class=\"woocommerce-LoopProduct-link woocommerce-loop-product__link\"><img loading=\"lazy\" decoding=\"async\" width=\"300\" height=\"400\" src=\"https:\/\/unoendos.net\/wp-content\/uploads\/2025\/10\/Mockup-78-300x400.jpg\" class=\"attachment-woocommerce_thumbnail size-woocommerce_thumbnail\" alt=\"Maquiavelo y Lenin (Notas para una teor\u00eda pol\u00edtica marxista) - Antonio Gramsci\" \/><h2 class=\"woocommerce-loop-product__title\">Maquiavelo y Lenin (Notas para una teor\u00eda pol\u00edtica marxista) &#8211; Antonio Gramsci<\/h2>\n\t<span class=\"price\"><span class=\"woocommerce-Price-amount amount\"><bdi>9,00<span class=\"woocommerce-Price-currencySymbol\">&euro;<\/span><\/bdi><\/span><\/span>\n<\/a><a href=\"\/index.php?rest_route=%2Fwp%2Fv2%2Fpages%2F8&#038;add-to-cart=2664\" aria-describedby=\"woocommerce_loop_add_to_cart_link_describedby_2664\" data-quantity=\"1\" class=\"button product_type_simple add_to_cart_button ajax_add_to_cart\" data-product_id=\"2664\" data-product_sku=\"\" aria-label=\"A\u00f1adir al carrito: &ldquo;Maquiavelo y Lenin (Notas para una teor\u00eda pol\u00edtica marxista) - Antonio Gramsci&rdquo;\" rel=\"nofollow\" data-success_message=\"\u00abMaquiavelo y Lenin (Notas para una teor\u00eda pol\u00edtica marxista) - Antonio Gramsci\u00bb se ha a\u00f1adido a tu carrito\">A\u00f1adir al carrito<\/a>\t<span id=\"woocommerce_loop_add_to_cart_link_describedby_2664\" class=\"screen-reader-text\">\n\t\t\t<\/span>\n<\/li>\n<li class=\"desktop-align-left tablet-align-left mobile-align-left product type-product post-2658 status-publish instock product_cat-teoria-politica product_tag-teoria-politica has-post-thumbnail shipping-taxable purchasable product-type-simple\">\n\t<a href=\"https:\/\/unoendos.net\/?product=el-politico-azorin\" class=\"woocommerce-LoopProduct-link woocommerce-loop-product__link\"><img loading=\"lazy\" decoding=\"async\" width=\"300\" height=\"400\" src=\"https:\/\/unoendos.net\/wp-content\/uploads\/2025\/10\/Mockup-77-300x400.jpg\" class=\"attachment-woocommerce_thumbnail size-woocommerce_thumbnail\" alt=\"El pol\u00edtico - Azor\u00edn\" \/><h2 class=\"woocommerce-loop-product__title\">El pol\u00edtico &#8211; Azor\u00edn<\/h2>\n\t<span class=\"price\"><span class=\"woocommerce-Price-amount amount\"><bdi>8,00<span class=\"woocommerce-Price-currencySymbol\">&euro;<\/span><\/bdi><\/span><\/span>\n<\/a><a href=\"\/index.php?rest_route=%2Fwp%2Fv2%2Fpages%2F8&#038;add-to-cart=2658\" aria-describedby=\"woocommerce_loop_add_to_cart_link_describedby_2658\" data-quantity=\"1\" class=\"button product_type_simple add_to_cart_button ajax_add_to_cart\" data-product_id=\"2658\" data-product_sku=\"\" aria-label=\"A\u00f1adir al carrito: &ldquo;El pol\u00edtico - Azor\u00edn&rdquo;\" rel=\"nofollow\" data-success_message=\"\u00abEl pol\u00edtico - Azor\u00edn\u00bb se ha a\u00f1adido a tu carrito\">A\u00f1adir al carrito<\/a>\t<span id=\"woocommerce_loop_add_to_cart_link_describedby_2658\" class=\"screen-reader-text\">\n\t\t\t<\/span>\n<\/li>\n<li class=\"desktop-align-left tablet-align-left mobile-align-left product type-product post-2657 status-publish instock product_cat-teoria-politica product_tag-maquiavelo product_tag-teoria-politica has-post-thumbnail shipping-taxable purchasable product-type-simple\">\n\t<a href=\"https:\/\/unoendos.net\/?product=obras-politicas-parte-ii-nicolas-maquiavelo\" class=\"woocommerce-LoopProduct-link woocommerce-loop-product__link\"><img loading=\"lazy\" decoding=\"async\" width=\"300\" height=\"400\" src=\"https:\/\/unoendos.net\/wp-content\/uploads\/2025\/08\/Mockup-76-300x400.jpg\" class=\"attachment-woocommerce_thumbnail size-woocommerce_thumbnail\" alt=\"Obras Pol\u00edticas. Parte II - Nicol\u00e1s Maquiavelo\" \/><h2 class=\"woocommerce-loop-product__title\">Obras Pol\u00edticas. Parte II &#8211; Nicol\u00e1s Maquiavelo<\/h2>\n\t<span class=\"price\"><span class=\"woocommerce-Price-amount amount\"><bdi>14,00<span class=\"woocommerce-Price-currencySymbol\">&euro;<\/span><\/bdi><\/span><\/span>\n<\/a><a href=\"\/index.php?rest_route=%2Fwp%2Fv2%2Fpages%2F8&#038;add-to-cart=2657\" aria-describedby=\"woocommerce_loop_add_to_cart_link_describedby_2657\" data-quantity=\"1\" class=\"button product_type_simple add_to_cart_button ajax_add_to_cart\" data-product_id=\"2657\" data-product_sku=\"\" aria-label=\"A\u00f1adir al carrito: &ldquo;Obras Pol\u00edticas. Parte II - Nicol\u00e1s Maquiavelo&rdquo;\" rel=\"nofollow\" data-success_message=\"\u00abObras Pol\u00edticas. Parte II - Nicol\u00e1s Maquiavelo\u00bb se ha a\u00f1adido a tu carrito\">A\u00f1adir al carrito<\/a>\t<span id=\"woocommerce_loop_add_to_cart_link_describedby_2657\" class=\"screen-reader-text\">\n\t\t\t<\/span>\n<\/li>\n<li class=\"desktop-align-left tablet-align-left mobile-align-left product type-product post-2649 status-publish last instock product_cat-teoria-politica product_tag-maquiavelo product_tag-teoria-politica has-post-thumbnail shipping-taxable purchasable product-type-simple\">\n\t<a href=\"https:\/\/unoendos.net\/?product=obras-politicas-parte-i-nicolas-maquiavelo\" class=\"woocommerce-LoopProduct-link woocommerce-loop-product__link\"><img loading=\"lazy\" decoding=\"async\" width=\"300\" height=\"400\" src=\"https:\/\/unoendos.net\/wp-content\/uploads\/2025\/07\/Mockup-75jpg-300x400.jpg\" class=\"attachment-woocommerce_thumbnail size-woocommerce_thumbnail\" alt=\"Obras Pol\u00edticas. Parte I - Nicol\u00e1s Maquiavelo\" \/><h2 class=\"woocommerce-loop-product__title\">Obras Pol\u00edticas. Parte I &#8211; Nicol\u00e1s Maquiavelo<\/h2>\n\t<span class=\"price\"><span class=\"woocommerce-Price-amount amount\"><bdi>13,00<span class=\"woocommerce-Price-currencySymbol\">&euro;<\/span><\/bdi><\/span><\/span>\n<\/a><a href=\"\/index.php?rest_route=%2Fwp%2Fv2%2Fpages%2F8&#038;add-to-cart=2649\" aria-describedby=\"woocommerce_loop_add_to_cart_link_describedby_2649\" data-quantity=\"1\" class=\"button product_type_simple add_to_cart_button ajax_add_to_cart\" data-product_id=\"2649\" data-product_sku=\"\" aria-label=\"A\u00f1adir al carrito: &ldquo;Obras Pol\u00edticas. Parte I - Nicol\u00e1s Maquiavelo&rdquo;\" rel=\"nofollow\" data-success_message=\"\u00abObras Pol\u00edticas. Parte I - Nicol\u00e1s Maquiavelo\u00bb se ha a\u00f1adido a tu carrito\">A\u00f1adir al carrito<\/a>\t<span id=\"woocommerce_loop_add_to_cart_link_describedby_2649\" class=\"screen-reader-text\">\n\t\t\t<\/span>\n<\/li>\n<\/ul>\n<\/div>\n\n\n\n<div class=\"wp-block-uagb-buttons uagb-buttons__outer-wrap uagb-btn__default-btn uagb-btn-tablet__default-btn uagb-btn-mobile__default-btn uagb-block-ee1c78a7\"><div class=\"uagb-buttons__wrap uagb-buttons-layout-wrap \">\n<div class=\"wp-block-uagb-buttons-child uagb-buttons__outer-wrap uagb-block-e71a417c wp-block-button is-style-outline\"><div class=\"uagb-button__wrapper\"><a class=\"uagb-buttons-repeater wp-block-button__link\" aria-label=\"\" href=\"https:\/\/unoendos.net\/?page_id=27\" rel=\"follow noopener\" target=\"_blank\" role=\"button\"><div class=\"uagb-button__link\">todos los libros<\/div><\/a><\/div><\/div>\n<\/div><\/div>\n<\/div><\/div>\n","protected":false},"excerpt":{"rendered":"<p>Ediciones Uno en Dos Proporcionando herramientas para el pensamiento revolucionario Nuestro cat\u00e1logo\u200b<\/p>\n","protected":false},"author":1,"featured_media":0,"parent":0,"menu_order":0,"comment_status":"closed","ping_status":"closed","template":"","meta":{"_uag_custom_page_level_css":"","site-sidebar-layout":"no-sidebar","site-content-layout":"plain-container","ast-site-content-layout":"normal-width-container","site-content-style":"unboxed","site-sidebar-style":"unboxed","ast-global-header-display":"","ast-banner-title-visibility":"","ast-main-header-display":"","ast-hfb-above-header-display":"","ast-hfb-below-header-display":"","ast-hfb-mobile-header-display":"","site-post-title":"disabled","ast-breadcrumbs-content":"","ast-featured-img":"disabled","footer-sml-layout":"","ast-disable-related-posts":"","theme-transparent-header-meta":"enabled","adv-header-id-meta":"","stick-header-meta":"","header-above-stick-meta":"","header-main-stick-meta":"","header-below-stick-meta":"","astra-migrate-meta-layouts":"set","ast-page-background-enabled":"default","ast-page-background-meta":{"desktop":{"background-color":"","background-image":"","background-repeat":"repeat","background-position":"center center","background-size":"auto","background-attachment":"scroll","background-type":"","background-media":"","overlay-type":"","overlay-color":"","overlay-opacity":"","overlay-gradient":""},"tablet":{"background-color":"","background-image":"","background-repeat":"repeat","background-position":"center center","background-size":"auto","background-attachment":"scroll","background-type":"","background-media":"","overlay-type":"","overlay-color":"","overlay-opacity":"","overlay-gradient":""},"mobile":{"background-color":"","background-image":"","background-repeat":"repeat","background-position":"center center","background-size":"auto","background-attachment":"scroll","background-type":"","background-media":"","overlay-type":"","overlay-color":"","overlay-opacity":"","overlay-gradient":""}},"ast-content-background-meta":{"desktop":{"background-color":"var(--ast-global-color-5)","background-image":"","background-repeat":"repeat","background-position":"center center","background-size":"auto","background-attachment":"scroll","background-type":"","background-media":"","overlay-type":"","overlay-color":"","overlay-opacity":"","overlay-gradient":""},"tablet":{"background-color":"var(--ast-global-color-5)","background-image":"","background-repeat":"repeat","background-position":"center center","background-size":"auto","background-attachment":"scroll","background-type":"","background-media":"","overlay-type":"","overlay-color":"","overlay-opacity":"","overlay-gradient":""},"mobile":{"background-color":"var(--ast-global-color-5)","background-image":"","background-repeat":"repeat","background-position":"center center","background-size":"auto","background-attachment":"scroll","background-type":"","background-media":"","overlay-type":"","overlay-color":"","overlay-opacity":"","overlay-gradient":""}},"_themeisle_gutenberg_block_has_review":false,"footnotes":""},"class_list":["post-8","page","type-page","status-publish","hentry"],"uagb_featured_image_src":{"full":false,"thumbnail":false,"medium":false,"medium_large":false,"large":false,"1536x1536":false,"2048x2048":false,"woocommerce_thumbnail":false,"woocommerce_single":false,"woocommerce_gallery_thumbnail":false},"uagb_author_info":{"display_name":"Ediciones Uno en Dos","author_link":"https:\/\/unoendos.net\/?author=1"},"uagb_comment_info":0,"uagb_excerpt":"Ediciones Uno en Dos Proporcionando herramientas para el pensamiento revolucionario Nuestro cat\u00e1logo\u200b","jetpack_sharing_enabled":true,"_links":{"self":[{"href":"https:\/\/unoendos.net\/index.php?rest_route=\/wp\/v2\/pages\/8","targetHints":{"allow":["GET"]}}],"collection":[{"href":"https:\/\/unoendos.net\/index.php?rest_route=\/wp\/v2\/pages"}],"about":[{"href":"https:\/\/unoendos.net\/index.php?rest_route=\/wp\/v2\/types\/page"}],"author":[{"embeddable":true,"href":"https:\/\/unoendos.net\/index.php?rest_route=\/wp\/v2\/users\/1"}],"replies":[{"embeddable":true,"href":"https:\/\/unoendos.net\/index.php?rest_route=%2Fwp%2Fv2%2Fcomments&post=8"}],"version-history":[{"count":78,"href":"https:\/\/unoendos.net\/index.php?rest_route=\/wp\/v2\/pages\/8\/revisions"}],"predecessor-version":[{"id":2669,"href":"https:\/\/unoendos.net\/index.php?rest_route=\/wp\/v2\/pages\/8\/revisions\/2669"}],"wp:attachment":[{"href":"https:\/\/unoendos.net\/index.php?rest_route=%2Fwp%2Fv2%2Fmedia&parent=8"}],"curies":[{"name":"wp","href":"https:\/\/api.w.org\/{rel}","templated":true}]}}