{"id":2626,"date":"2025-02-25T12:01:36","date_gmt":"2025-02-25T12:01:36","guid":{"rendered":"https:\/\/unoendos.net\/?page_id=2626"},"modified":"2025-02-25T12:02:10","modified_gmt":"2025-02-25T12:02:10","slug":"preguntas-frecuentes","status":"publish","type":"page","link":"https:\/\/unoendos.net\/?page_id=2626","title":{"rendered":"PREGUNTAS FRECUENTES"},"content":{"rendered":"\n<p>Hemos hecho una selecci\u00f3n de las preguntas m\u00e1s frecuentes. Si tienes cualquier otra duda ve a la secci\u00f3n de contacto y la responderemos lo m\u00e1s pronto posible.<\/p>\n\n\n\n<div id=\"wp-block-themeisle-blocks-icon-list-54612f2f\" class=\"wp-block-themeisle-blocks-icon-list\">\n<div id=\"wp-block-themeisle-blocks-icon-list-item-fc0d04a9\" class=\"wp-block-themeisle-blocks-icon-list-item\"><i class=\"fas fa-book wp-block-themeisle-blocks-icon-list-item-icon-custom\"><\/i><p class=\"wp-block-themeisle-blocks-icon-list-item-content\">Al hacer clic en el bot\u00f3n comprar, redirige a la web \u00abBookmundo\u00bb, \u00bfporqu\u00e9?<\/p><\/div>\n\n\n\n<div id=\"wp-block-themeisle-blocks-icon-list-item-661d1809\" class=\"wp-block-themeisle-blocks-icon-list-item\"><i class=\"fas fa-check-circle wp-block-themeisle-blocks-icon-list-item-icon-custom\"><\/i><p class=\"wp-block-themeisle-blocks-icon-list-item-content\">Ocurre porque nuestro distribuidor e imprenta de libros a demanda es Bookmundo y ellos se encargan de todo el proceso.<\/p><\/div>\n\n\n\n<div id=\"wp-block-themeisle-blocks-icon-list-item-6e15131b\" class=\"wp-block-themeisle-blocks-icon-list-item\"><i class=\"fas fa-book wp-block-themeisle-blocks-icon-list-item-icon-custom\"><\/i><p class=\"wp-block-themeisle-blocks-icon-list-item-content\">\u00bfCu\u00e1les son los m\u00e9todos de pago? \u00bfHay posibilidad de pago contrarrembolso?<\/p><\/div>\n\n\n\n<div id=\"wp-block-themeisle-blocks-icon-list-item-37b742e7\" class=\"wp-block-themeisle-blocks-icon-list-item\"><i class=\"fas fa-check-circle wp-block-themeisle-blocks-icon-list-item-icon-custom\"><\/i><p class=\"wp-block-themeisle-blocks-icon-list-item-content\">Los m\u00e9todos de pago son PayPal y tarjeta de d\u00e9bito\/cr\u00e9dito. NO tenemos pago contrarrembolso.<\/p><\/div>\n\n\n\n<div id=\"wp-block-themeisle-blocks-icon-list-item-c99b7afc\" class=\"wp-block-themeisle-blocks-icon-list-item\"><i class=\"fas fa-book wp-block-themeisle-blocks-icon-list-item-icon-custom\"><\/i><p class=\"wp-block-themeisle-blocks-icon-list-item-content\">\u00bfC\u00f3mo se contabilizan los gastos de env\u00edo? \u00bfSe pueden reducir?<\/p><\/div>\n\n\n\n<div id=\"wp-block-themeisle-blocks-icon-list-item-13f541ce\" class=\"wp-block-themeisle-blocks-icon-list-item\"><i class=\"fas fa-check-circle wp-block-themeisle-blocks-icon-list-item-icon-custom\"><\/i><p class=\"wp-block-themeisle-blocks-icon-list-item-content\">Los gastos de env\u00edo no se pagan por libro, sino por peso. Ejemplo: varios libros peque\u00f1os pueden tener los mismos gastos de env\u00edo que un libro grande. <\/p><\/div>\n\n\n\n<div id=\"wp-block-themeisle-blocks-icon-list-item-7525e3e3\" class=\"wp-block-themeisle-blocks-icon-list-item\"><i class=\"fas fa-book wp-block-themeisle-blocks-icon-list-item-icon-custom\"><\/i><p class=\"wp-block-themeisle-blocks-icon-list-item-content\">\u00bfDespu\u00e9s de pagar los libros he de recibir alguna notificaci\u00f3n?<\/p><\/div>\n\n\n\n<div id=\"wp-block-themeisle-blocks-icon-list-item-ecdd01e3\" class=\"wp-block-themeisle-blocks-icon-list-item\"><i class=\"fas fa-check-circle wp-block-themeisle-blocks-icon-list-item-icon-custom\"><\/i><p class=\"wp-block-themeisle-blocks-icon-list-item-content\">S\u00ed, has de recibir en tu correo un albar\u00e1n con un resumen de de tu compra y un n\u00famero de identificaci\u00f3n por si hubiera alg\u00fan problema.<\/p><\/div>\n\n\n\n<div id=\"wp-block-themeisle-blocks-icon-list-item-5a97a840\" class=\"wp-block-themeisle-blocks-icon-list-item\"><i class=\"fas fa-book wp-block-themeisle-blocks-icon-list-item-icon-custom\"><\/i><p class=\"wp-block-themeisle-blocks-icon-list-item-content\">No puedo recibir los libros en la fecha que me indican, \u00bfpuedo cambiar la fecha?<\/p><\/div>\n\n\n\n<div id=\"wp-block-themeisle-blocks-icon-list-item-90a68b64\" class=\"wp-block-themeisle-blocks-icon-list-item\"><i class=\"fas fa-check-circle wp-block-themeisle-blocks-icon-list-item-icon-custom\"><\/i><p class=\"wp-block-themeisle-blocks-icon-list-item-content\">S\u00ed, en la cuenta de Bookmundo en el apartado \u00abMis pedidos\u00bb se puede ver el estado del pedido y un c\u00f3digo de seguimiento. Ese c\u00f3digo junto con el n\u00famero de tel\u00e9fono permite tambi\u00e9n cambiar fechas sin problemas.<\/p><\/div>\n\n\n\n<div id=\"wp-block-themeisle-blocks-icon-list-item-5eb1401a\" class=\"wp-block-themeisle-blocks-icon-list-item\"><i class=\"fas fa-book wp-block-themeisle-blocks-icon-list-item-icon-custom\"><\/i><p class=\"wp-block-themeisle-blocks-icon-list-item-content\">No puedo o quiero recibir los libros en mi casa. \u00bfHay alguna alternativa?<\/p><\/div>\n\n\n\n<div id=\"wp-block-themeisle-blocks-icon-list-item-c72c47fb\" class=\"wp-block-themeisle-blocks-icon-list-item\"><i class=\"fas fa-check-circle wp-block-themeisle-blocks-icon-list-item-icon-custom\"><\/i><p class=\"wp-block-themeisle-blocks-icon-list-item-content\">S\u00ed, los paquetes se pueden enviar a las oficinas de las empresas de paqueter\u00eda y recogerlos all\u00ed. Para m\u00e1s informaci\u00f3n sobre vuestro caso concreto preguntadnos v\u00eda correo o redes sociales.<\/p><\/div>\n\n\n\n<div id=\"wp-block-themeisle-blocks-icon-list-item-3a288638\" class=\"wp-block-themeisle-blocks-icon-list-item\"><i class=\"fas fa-book wp-block-themeisle-blocks-icon-list-item-icon-custom\"><\/i><p class=\"wp-block-themeisle-blocks-icon-list-item-content\">\u00bfHay env\u00edos internacionales?<\/p><\/div>\n\n\n\n<div id=\"wp-block-themeisle-blocks-icon-list-item-b0f3e410\" class=\"wp-block-themeisle-blocks-icon-list-item\"><i class=\"fas fa-check-circle wp-block-themeisle-blocks-icon-list-item-icon-custom\"><\/i><p class=\"wp-block-themeisle-blocks-icon-list-item-content\">S\u00ed, aunque en funci\u00f3n del destino y si hay cambio de moneda las empresas de paqueter\u00eda pueden imponer gastos de env\u00edo elevados.<\/p><\/div>\n\n\n\n<div id=\"wp-block-themeisle-blocks-icon-list-item-6be8a466\" class=\"wp-block-themeisle-blocks-icon-list-item\"><i class=\"fas fa-book wp-block-themeisle-blocks-icon-list-item-icon-custom\"><\/i><p class=\"wp-block-themeisle-blocks-icon-list-item-content\">Intento comprar m\u00e1s de un libro y no me deja. \u00bfHay alguna soluci\u00f3n? <\/p><\/div>\n\n\n\n<div id=\"wp-block-themeisle-blocks-icon-list-item-d8c3427c\" class=\"wp-block-themeisle-blocks-icon-list-item\"><i class=\"fas fa-check-circle wp-block-themeisle-blocks-icon-list-item-icon-custom\"><\/i><p class=\"wp-block-themeisle-blocks-icon-list-item-content\">S\u00ed, debido a un problema con algunos dispositivos hay que realizarlo de otra manera. Simplemente hay que acceder directamente a la tienda de Bookmundo <a href=\"https:\/\/publishes.bookmundo.com\/shop\/\" target=\"_blank\" rel=\"noopener\" title=\"\">https:\/\/publishes.bookmundo.com\/shop\/<\/a> y en el buscador poner los nombres de los libros que se quieren adquirir.<\/p><\/div>\n<\/div>\n\n\n\n<p><\/p>\n","protected":false},"excerpt":{"rendered":"<p>Hemos hecho una selecci\u00f3n de las preguntas m\u00e1s frecuentes. Si tienes cualquier otra duda ve a la secci\u00f3n de contacto y la responderemos lo m\u00e1s pronto posible.<\/p>\n","protected":false},"author":1,"featured_media":0,"parent":0,"menu_order":0,"comment_status":"closed","ping_status":"closed","template":"","meta":{"_uag_custom_page_level_css":"","site-sidebar-layout":"default","site-content-layout":"","ast-site-content-layout":"default","site-content-style":"default","site-sidebar-style":"default","ast-global-header-display":"","ast-banner-title-visibility":"","ast-main-header-display":"","ast-hfb-above-header-display":"","ast-hfb-below-header-display":"","ast-hfb-mobile-header-display":"","site-post-title":"disabled","ast-breadcrumbs-content":"","ast-featured-img":"","footer-sml-layout":"","ast-disable-related-posts":"","theme-transparent-header-meta":"","adv-header-id-meta":"","stick-header-meta":"","header-above-stick-meta":"","header-main-stick-meta":"","header-below-stick-meta":"","astra-migrate-meta-layouts":"set","ast-page-background-enabled":"default","ast-page-background-meta":{"desktop":{"background-color":"","background-image":"","background-repeat":"repeat","background-position":"center center","background-size":"auto","background-attachment":"scroll","background-type":"","background-media":"","overlay-type":"","overlay-color":"","overlay-opacity":"","overlay-gradient":""},"tablet":{"background-color":"","background-image":"","background-repeat":"repeat","background-position":"center center","background-size":"auto","background-attachment":"scroll","background-type":"","background-media":"","overlay-type":"","overlay-color":"","overlay-opacity":"","overlay-gradient":""},"mobile":{"background-color":"","background-image":"","background-repeat":"repeat","background-position":"center center","background-size":"auto","background-attachment":"scroll","background-type":"","background-media":"","overlay-type":"","overlay-color":"","overlay-opacity":"","overlay-gradient":""}},"ast-content-background-meta":{"desktop":{"background-color":"var(--ast-global-color-5)","background-image":"","background-repeat":"repeat","background-position":"center center","background-size":"auto","background-attachment":"scroll","background-type":"","background-media":"","overlay-type":"","overlay-color":"","overlay-opacity":"","overlay-gradient":""},"tablet":{"background-color":"var(--ast-global-color-5)","background-image":"","background-repeat":"repeat","background-position":"center center","background-size":"auto","background-attachment":"scroll","background-type":"","background-media":"","overlay-type":"","overlay-color":"","overlay-opacity":"","overlay-gradient":""},"mobile":{"background-color":"var(--ast-global-color-5)","background-image":"","background-repeat":"repeat","background-position":"center center","background-size":"auto","background-attachment":"scroll","background-type":"","background-media":"","overlay-type":"","overlay-color":"","overlay-opacity":"","overlay-gradient":""}},"_themeisle_gutenberg_block_has_review":false,"footnotes":""},"class_list":["post-2626","page","type-page","status-publish","hentry"],"uagb_featured_image_src":{"full":false,"thumbnail":false,"medium":false,"medium_large":false,"large":false,"1536x1536":false,"2048x2048":false,"woocommerce_thumbnail":false,"woocommerce_single":false,"woocommerce_gallery_thumbnail":false},"uagb_author_info":{"display_name":"Ediciones Uno en Dos","author_link":"https:\/\/unoendos.net\/?author=1"},"uagb_comment_info":0,"uagb_excerpt":"Hemos hecho una selecci\u00f3n de las preguntas m\u00e1s frecuentes. Si tienes cualquier otra duda ve a la secci\u00f3n de contacto y la responderemos lo m\u00e1s pronto posible.","jetpack_sharing_enabled":true,"_links":{"self":[{"href":"https:\/\/unoendos.net\/index.php?rest_route=\/wp\/v2\/pages\/2626","targetHints":{"allow":["GET"]}}],"collection":[{"href":"https:\/\/unoendos.net\/index.php?rest_route=\/wp\/v2\/pages"}],"about":[{"href":"https:\/\/unoendos.net\/index.php?rest_route=\/wp\/v2\/types\/page"}],"author":[{"embeddable":true,"href":"https:\/\/unoendos.net\/index.php?rest_route=\/wp\/v2\/users\/1"}],"replies":[{"embeddable":true,"href":"https:\/\/unoendos.net\/index.php?rest_route=%2Fwp%2Fv2%2Fcomments&post=2626"}],"version-history":[{"count":2,"href":"https:\/\/unoendos.net\/index.php?rest_route=\/wp\/v2\/pages\/2626\/revisions"}],"predecessor-version":[{"id":2629,"href":"https:\/\/unoendos.net\/index.php?rest_route=\/wp\/v2\/pages\/2626\/revisions\/2629"}],"wp:attachment":[{"href":"https:\/\/unoendos.net\/index.php?rest_route=%2Fwp%2Fv2%2Fmedia&parent=2626"}],"curies":[{"name":"wp","href":"https:\/\/api.w.org\/{rel}","templated":true}]}}