{"id":12,"date":"2022-03-01T05:01:18","date_gmt":"2022-03-01T05:01:18","guid":{"rendered":"https:\/\/unoendos.net\/?page_id=12"},"modified":"2024-12-14T12:25:25","modified_gmt":"2024-12-14T12:25:25","slug":"about-author","status":"publish","type":"page","link":"https:\/\/unoendos.net\/?page_id=12","title":{"rendered":"Sobre nosotros"},"content":{"rendered":"\n<div class=\"wp-block-uagb-container uagb-block-55c76f49 alignfull uagb-is-root-container\"><div class=\"uagb-container-inner-blocks-wrap\">\n<div class=\"wp-block-uagb-container uagb-block-64489925\">\n<div class=\"wp-block-uagb-container uagb-block-e1409108\">\n<div class=\"wp-block-uagb-image aligncenter uagb-block-1ab1a94e wp-block-uagb-image--layout-default wp-block-uagb-image--effect-static wp-block-uagb-image--align-center\"><figure class=\"wp-block-uagb-image__figure\"><img decoding=\"async\" srcset=\"https:\/\/unoendos.net\/wp-content\/uploads\/2022\/12\/Libros-2-881x1024.jpg ,https:\/\/unoendos.net\/wp-content\/uploads\/2022\/12\/Libros-2-881x1024.jpg 780w, https:\/\/unoendos.net\/wp-content\/uploads\/2022\/12\/Libros-2-881x1024.jpg 360w\" sizes=\"auto, (max-width: 480px) 150px\" src=\"https:\/\/unoendos.net\/wp-content\/uploads\/2022\/12\/Libros-2-881x1024.jpg\" alt=\"\" class=\"uag-image-1654\" width=\"881\" height=\"1024\" title=\"\" loading=\"lazy\"\/><\/figure><\/div>\n<\/div>\n\n\n\n<div class=\"wp-block-uagb-container uagb-block-fbba59d0\">\n<div class=\"wp-block-uagb-info-box uagb-block-7f475fac uagb-infobox__content-wrap  uagb-infobox-icon-left uagb-infobox-left uagb-infobox-stacked-tablet uagb-infobox-image-valign-top\"><div class=\"uagb-ifb-icon-wrap\"><svg xmlns=\"https:\/\/www.w3.org\/2000\/svg\" viewBox=\"0 0 448 512\"><path d=\"M96 224C84.72 224 74.05 226.3 64 229.9V224c0-35.3 28.7-64 64-64c17.67 0 32-14.33 32-32S145.7 96 128 96C57.42 96 0 153.4 0 224v96c0 53.02 42.98 96 96 96s96-42.98 96-96S149 224 96 224zM352 224c-11.28 0-21.95 2.305-32 5.879V224c0-35.3 28.7-64 64-64c17.67 0 32-14.33 32-32s-14.33-32-32-32c-70.58 0-128 57.42-128 128v96c0 53.02 42.98 96 96 96s96-42.98 96-96S405 224 352 224z\"><\/path><\/svg><\/div><div class=\"uagb-ifb-content\"><div class=\"uagb-ifb-title-wrap\"><h3 class=\"uagb-ifb-title\">El conocimiento romper\u00e1 las cadenas de la esclavitud.\u200b<\/h3><\/div><p class=\"uagb-ifb-desc\">POSTER SOVI\u00c9TICO <br>A\u00d1OS 20\u200b<\/p><\/div><\/div>\n<\/div>\n<\/div>\n\n\n\n<div class=\"wp-block-uagb-container uagb-block-30b659ec\">\n<div class=\"wp-block-uagb-advanced-heading uagb-block-80e88a93\"><h2 class=\"uagb-heading-text\">Ediciones Uno en Dos<\/h2><p class=\"uagb-desc-text\">Ediciones Uno en Dos es una editorial comunista que busca proporcionar las herramientas necesarias para la formaci\u00f3n del pensamiento revolucionario y que a partir de estas pueda desarrollarse la lucha de dos l\u00edneas llev\u00e1ndose a cabo la m\u00e1xima \u00abUno se divide en Dos\u00bb. Nuestra intenci\u00f3n es publicar de manera regular art\u00edculos, documentos o libros dif\u00edciles de encontrar, hacer traducciones y recopilaciones o ediciones de textos conocidos para que se encuentren en la mayor calidad posible. Todo lo editado por nosotros estar\u00e1 libre de derechos de autor, ya que nuestra intenci\u00f3n es procurar siempre la m\u00e1xima difusi\u00f3n y promocionar el conocimiento.<\/p><\/div>\n\n\n\n<div class=\"wp-block-uagb-info-box uagb-block-f85f4f36 uagb-infobox__content-wrap  uagb-infobox-icon-above-title uagb-infobox-image-valign-top\"><div class=\"uagb-ifb-content\"><div class=\"uagb-ifb-title-wrap\"><span class=\"uagb-ifb-title-prefix\">Enero de 2022<\/span><h4 class=\"uagb-ifb-title\">La publicaci\u00f3n de nuestro primer libro<\/h4><\/div><p class=\"uagb-ifb-desc\">El 14 de enero de 2022 publicamos nuestro primer libro: \u00abTeor\u00eda general del derecho y el marxismo\u00bb de E. Pashukanis<\/p><\/div><\/div>\n<\/div>\n\n\n\n<div class=\"wp-block-uagb-container uagb-block-4a8d7f3e\">\n<div class=\"wp-block-uagb-container uagb-block-7ea5377e\"><\/div>\n<\/div>\n<\/div><\/div>\n","protected":false},"excerpt":{"rendered":"<p>Ediciones Uno en Dos Ediciones Uno en Dos es una editorial comunista que busca proporcionar las herramientas necesarias para la formaci\u00f3n del pensamiento revolucionario y que a partir de estas pueda desarrollarse la lucha de dos l\u00edneas llev\u00e1ndose a cabo la m\u00e1xima \u00abUno se divide en Dos\u00bb. Nuestra intenci\u00f3n es publicar de manera regular art\u00edculos, [&hellip;]<\/p>\n","protected":false},"author":1,"featured_media":0,"parent":0,"menu_order":0,"comment_status":"closed","ping_status":"closed","template":"","meta":{"_uag_custom_page_level_css":"","site-sidebar-layout":"no-sidebar","site-content-layout":"plain-container","ast-site-content-layout":"normal-width-container","site-content-style":"unboxed","site-sidebar-style":"unboxed","ast-global-header-display":"","ast-banner-title-visibility":"","ast-main-header-display":"","ast-hfb-above-header-display":"","ast-hfb-below-header-display":"","ast-hfb-mobile-header-display":"","site-post-title":"disabled","ast-breadcrumbs-content":"","ast-featured-img":"disabled","footer-sml-layout":"","ast-disable-related-posts":"","theme-transparent-header-meta":"enabled","adv-header-id-meta":"","stick-header-meta":"","header-above-stick-meta":"","header-main-stick-meta":"","header-below-stick-meta":"","astra-migrate-meta-layouts":"set","ast-page-background-enabled":"default","ast-page-background-meta":{"desktop":{"background-color":"","background-image":"","background-repeat":"repeat","background-position":"center center","background-size":"auto","background-attachment":"scroll","background-type":"","background-media":"","overlay-type":"","overlay-color":"","overlay-opacity":"","overlay-gradient":""},"tablet":{"background-color":"","background-image":"","background-repeat":"repeat","background-position":"center center","background-size":"auto","background-attachment":"scroll","background-type":"","background-media":"","overlay-type":"","overlay-color":"","overlay-opacity":"","overlay-gradient":""},"mobile":{"background-color":"","background-image":"","background-repeat":"repeat","background-position":"center center","background-size":"auto","background-attachment":"scroll","background-type":"","background-media":"","overlay-type":"","overlay-color":"","overlay-opacity":"","overlay-gradient":""}},"ast-content-background-meta":{"desktop":{"background-color":"var(--ast-global-color-5)","background-image":"","background-repeat":"repeat","background-position":"center center","background-size":"auto","background-attachment":"scroll","background-type":"","background-media":"","overlay-type":"","overlay-color":"","overlay-opacity":"","overlay-gradient":""},"tablet":{"background-color":"var(--ast-global-color-5)","background-image":"","background-repeat":"repeat","background-position":"center center","background-size":"auto","background-attachment":"scroll","background-type":"","background-media":"","overlay-type":"","overlay-color":"","overlay-opacity":"","overlay-gradient":""},"mobile":{"background-color":"var(--ast-global-color-5)","background-image":"","background-repeat":"repeat","background-position":"center center","background-size":"auto","background-attachment":"scroll","background-type":"","background-media":"","overlay-type":"","overlay-color":"","overlay-opacity":"","overlay-gradient":""}},"_themeisle_gutenberg_block_has_review":false,"footnotes":""},"class_list":["post-12","page","type-page","status-publish","hentry"],"uagb_featured_image_src":{"full":false,"thumbnail":false,"medium":false,"medium_large":false,"large":false,"1536x1536":false,"2048x2048":false,"woocommerce_thumbnail":false,"woocommerce_single":false,"woocommerce_gallery_thumbnail":false},"uagb_author_info":{"display_name":"Ediciones Uno en Dos","author_link":"https:\/\/unoendos.net\/?author=1"},"uagb_comment_info":0,"uagb_excerpt":"Ediciones Uno en Dos Ediciones Uno en Dos es una editorial comunista que busca proporcionar las herramientas necesarias para la formaci\u00f3n del pensamiento revolucionario y que a partir de estas pueda desarrollarse la lucha de dos l\u00edneas llev\u00e1ndose a cabo la m\u00e1xima \u00abUno se divide en Dos\u00bb. Nuestra intenci\u00f3n es publicar de manera regular art\u00edculos,&hellip;","jetpack_sharing_enabled":true,"_links":{"self":[{"href":"https:\/\/unoendos.net\/index.php?rest_route=\/wp\/v2\/pages\/12","targetHints":{"allow":["GET"]}}],"collection":[{"href":"https:\/\/unoendos.net\/index.php?rest_route=\/wp\/v2\/pages"}],"about":[{"href":"https:\/\/unoendos.net\/index.php?rest_route=\/wp\/v2\/types\/page"}],"author":[{"embeddable":true,"href":"https:\/\/unoendos.net\/index.php?rest_route=\/wp\/v2\/users\/1"}],"replies":[{"embeddable":true,"href":"https:\/\/unoendos.net\/index.php?rest_route=%2Fwp%2Fv2%2Fcomments&post=12"}],"version-history":[{"count":19,"href":"https:\/\/unoendos.net\/index.php?rest_route=\/wp\/v2\/pages\/12\/revisions"}],"predecessor-version":[{"id":2535,"href":"https:\/\/unoendos.net\/index.php?rest_route=\/wp\/v2\/pages\/12\/revisions\/2535"}],"wp:attachment":[{"href":"https:\/\/unoendos.net\/index.php?rest_route=%2Fwp%2Fv2%2Fmedia&parent=12"}],"curies":[{"name":"wp","href":"https:\/\/api.w.org\/{rel}","templated":true}]}}